{"id":10397,"date":"2020-10-01T18:37:27","date_gmt":"2020-10-01T18:37:27","guid":{"rendered":"https:\/\/plugin.thebitfactory.net\/politica-de-privacidad-copy\/"},"modified":"2024-10-17T10:05:08","modified_gmt":"2024-10-17T10:05:08","slug":"aviso-legal","status":"publish","type":"page","link":"https:\/\/fumless.com\/ca\/aviso-legal\/","title":{"rendered":"Av\u00eds legal"},"content":{"rendered":"<div data-elementor-type=\"wp-page\" data-elementor-id=\"10397\" class=\"elementor elementor-10397\">\n\t\t\t\t\t\t<section class=\"elementor-section elementor-top-section elementor-element elementor-element-33c905fc cspt-col-stretched-none cspt-bg-color-over-image elementor-section-boxed elementor-section-height-default elementor-section-height-default\" data-id=\"33c905fc\" data-element_type=\"section\" data-e-type=\"section\">\n\t\t\t\t\t\t<div class=\"elementor-container elementor-column-gap-default\">\n\t\t\t\t\t<div class=\"elementor-column elementor-col-100 elementor-top-column elementor-element elementor-element-4411f83b cspt-bg-color-over-image\" data-id=\"4411f83b\" data-element_type=\"column\" data-e-type=\"column\">\n\t\t\t<div class=\"elementor-widget-wrap elementor-element-populated\">\n\t\t\t\t\t\t<div class=\"elementor-element elementor-element-41a02a3a elementor-widget elementor-widget-text-editor\" data-id=\"41a02a3a\" data-element_type=\"widget\" data-e-type=\"widget\" data-widget_type=\"text-editor.default\">\n\t\t\t\t<div class=\"elementor-widget-container\">\n\t\t\t\t\t\t\t\t\t<p>\u00a0<\/p><div class=\"container single-page-container\"><div class=\"row\"><div class=\"nv-single-page-wrap col\"><div class=\"nv-page-title-wrap nv-big-title\"><div class=\"nv-page-title\"><h1>Aviso Legal<\/h1><\/div><\/div><div class=\"nv-content-wrap entry-content\"><div class=\"elementor elementor-435\" data-elementor-type=\"wp-page\" data-elementor-id=\"435\" data-elementor-settings=\"[]\"><div class=\"elementor-section-wrap\"><section class=\"elementor-section elementor-top-section elementor-element elementor-element-414cd8d elementor-section-boxed elementor-section-height-default elementor-section-height-default\" data-id=\"414cd8d\" data-element_type=\"section\"><div class=\"elementor-container elementor-column-gap-default\"><div class=\"elementor-column elementor-col-100 elementor-top-column elementor-element elementor-element-31e4d3c3\" data-id=\"31e4d3c3\" data-element_type=\"column\"><div class=\"elementor-widget-wrap elementor-element-populated\"><div class=\"elementor-element elementor-element-27381a10 elementor-widget elementor-widget-text-editor\" data-id=\"27381a10\" data-element_type=\"widget\" data-widget_type=\"text-editor.default\"><div class=\"elementor-widget-container\"><p><strong>\u00a0<\/strong><\/p><p><strong>\u00a0<\/strong><\/p><ol><li><strong> Datos de identificaci\u00f3n<\/strong><\/li><\/ol><p>Usted est\u00e1 visitando la p\u00e1gina Web www.fumless.com titularidad de FUMLES, S.L. (en adelante LA COMPA\u00d1\u00cdA) situada en c\/Pedro i Pons, 9-11, planta 5 puerta 3, 08034 de Barcelona, con CIF B67563692 e inscrita en el Registro Mercantil de Barcelona, Tomo 47.200, Folio 128, Hoja\u00a0 B-544509<\/p><ol start=\"2\"><li><strong> Aceptaci\u00f3n del Usuario<\/strong><\/li><\/ol><p>Este Aviso Legal regula el acceso y utilizaci\u00f3n de la p\u00e1gina web www.fumless.com (en adelante la \u201cWeb\u201d) que LA COMPA\u00d1\u00cdA pone a disposici\u00f3n de los usuarios de Internet. Se entiende por usuario la persona que acceda, navegue, utilice o participe en los servicios y actividades de la Web. El acceso y navegaci\u00f3n de un usuario por la Web implica la aceptaci\u00f3n sin reservas del Aviso Legal que la Compa\u00f1\u00eda tenga publicado en el momento del acceso, el cual estar\u00e1 siempre disponible para los usuarios. Los contenidos, actividades y servicios incluidos en la Web no est\u00e1n concebidos ni dirigidos a aquellas personas que residan en jurisdicciones donde aqu\u00e9llos no se encuentren debidamente autorizados.<\/p><ol start=\"3\"><li><strong> Utilizaci\u00f3n de la Web<\/strong><\/li><\/ol><p>3.1. El usuario se compromete a utilizar la Web, los contenidos y servicios de conformidad con la Ley, el presente Aviso Legal, las buenas costumbres y el orden p\u00fablico. Del mismo modo el Usuario se obliga a no utilizar la Web o los servicios que se presten a trav\u00e9s de \u00e9l con fines o efectos il\u00edcitos o contrarios al contenido del presente Aviso Legal, lesivos de los intereses o derechos de terceros, o que de cualquier forma pueda da\u00f1ar, inutilizar o deteriorar la Web o sus servicios o impedir un normal disfrute de la Web por otros Usuarios.<\/p><p>3.2. El usuario se compromete expresamente a no destruir, alterar, inutilizar o, de cualquier otra forma, da\u00f1ar los datos, programas o documentos electr\u00f3nicos y dem\u00e1s que se encuentren en la Web.<\/p><p>3.3. El usuario se compromete a no obstaculizar el acceso a otros usuarios al servicio de acceso mediante el consumo masivo de los recursos inform\u00e1ticos a trav\u00e9s de los cuales LA COMPA\u00d1\u00cdA presta el servicio, as\u00ed como realizar acciones que da\u00f1en, interrumpan o generen errores en dichos sistemas o servicios.<\/p><p>3.4. El usuario se compromete a no introducir programas, virus, macros, applets, controles ActiveX o cualquier otro dispositivo l\u00f3gico o secuencia de caracteres que causen o sean susceptibles de causar cualquier tipo de alteraci\u00f3n en los sistemas inform\u00e1ticos de LA COMPA\u00d1\u00cdA o de terceros.<\/p><p>3.5. El usuario se compromete a no obtener informaciones, mensajes, gr\u00e1ficos, dibujos, archivos de sonido y\/o imagen, fotograf\u00edas, grabaciones, software y en general, cualquier clase de material accesible a trav\u00e9s de la Web o de los servicios ofrecidos en el mismo.<\/p><ol start=\"4\"><li><strong> Acceso a la Web y Contrase\u00f1as<\/strong><\/li><\/ol><p>4.1. El acceso a la Web por parte de los usuarios tiene car\u00e1cter libre y gratuito.<\/p><p>4.2. El usuario est\u00e1 obligado a notificar de forma inmediata a LA COMPA\u00d1\u00cdA de cualquier hecho que permita el uso indebido de los identificadores y\/o contrase\u00f1as, tales como el robo, extrav\u00edo, o el acceso no autorizado a los mismos, con el fin de proceder a su inmediata cancelaci\u00f3n. Mientras no se comuniquen tales hechos, LA COMPA\u00d1\u00cdA quedar\u00e1 eximida de cualquier responsabilidad que pudiera derivarse del uso indebido de los identificadores y\/o contrase\u00f1as por terceros no autorizados.<\/p><ol start=\"5\"><li><strong> Modificaci\u00f3n de las condiciones del Aviso Legal<\/strong><\/li><\/ol><p>LA COMPA\u00d1\u00cdA se reserva expresamente el derecho a modificar el presente Aviso Legal.<\/p><ol start=\"6\"><li><strong> Limitaci\u00f3n de garant\u00edas y responsabilidades<\/strong><\/li><\/ol><p>LA COMPA\u00d1\u00cdA se compromete a realizar sus mejores esfuerzos para evitar cualquier error en los contenidos que pudieran aparecer en la Web. En cualquier caso, LA COMPA\u00d1\u00cdA estar\u00e1 exenta de cualquier responsabilidad derivada de eventuales errores en los contenidos que pudieran aparecer en la Web, siempre que no le sean imputables, de acuerdo con las leyes en vigor.<\/p><ol start=\"7\"><li><strong> Propiedad Intelectual e Industrial<\/strong><\/li><\/ol><p>7.1. Todos los derechos de Propiedad Industrial e Intelectual de la Web www.fumless.com y de sus contenidos (textos, im\u00e1genes, sonidos, audio, v\u00eddeo, dise\u00f1os, creatividades, software) pertenecen, como autor de obra colectiva o como cesionaria, a LA COMPA\u00d1\u00cdA o, en su caso, a terceras personas.<\/p><p>7.2. Quedan expresamente prohibidas la reproducci\u00f3n, la distribuci\u00f3n y la comunicaci\u00f3n p\u00fablica, incluida su modalidad de puesta a disposici\u00f3n, de la totalidad o parte de los contenidos de esta p\u00e1gina Web, con fines comerciales, en cualquier soporte y por cualquier medio t\u00e9cnico, sin la autorizaci\u00f3n de LA COMPA\u00d1\u00cdA. El usuario se compromete a respetar los derechos de Propiedad Industrial e Intelectual titularidad de LA COMPA\u00d1\u00cdA y de terceros.<\/p><p>7.3. El usuario puede visualizar todos los elementos, imprimirlos, copiarlos y almacenarlos en el disco duro de su ordenador o en cualquier otro soporte f\u00edsico siempre y cuando sea, \u00fanica y exclusivamente, para su uso personal y privado, quedando, por tanto, terminantemente prohibida su utilizaci\u00f3n con fines comerciales, su distribuci\u00f3n, as\u00ed como su modificaci\u00f3n, alteraci\u00f3n o descompilaci\u00f3n.<\/p><ol start=\"8\"><li><strong> Enlaces de terceros<\/strong><\/li><\/ol><p>8.1. En el supuesto de que en la Web se dispusieran enlaces o hiperv\u00ednculos hacia otros lugares de Internet, LA COMPA\u00d1\u00cdA no ejercer\u00e1 ning\u00fan tipo de control sobre estos lugares y contenidos. En ning\u00fan caso LA COMPA\u00d1\u00cdA asumir\u00e1 responsabilidad alguna por los contenidos de alg\u00fan enlace perteneciente a un sitio Web ajeno, ni garantizar\u00e1 la disponibilidad t\u00e9cnica, calidad, fiabilidad, exactitud, amplitud, veracidad, validez y constitucionalidad de cualquier material o informaci\u00f3n contenida en cabeza de los hiperv\u00ednculos u otros sitios de Internet.<\/p><p>8.2. Estos enlaces se proporcionan \u00fanicamente para informar al Usuario sobre la existencia de otras fuentes de informaci\u00f3n sobre un tema concreto, y la inclusi\u00f3n de un enlace no implica la aprobaci\u00f3n de la p\u00e1gina web enlazada por parte de LA COMPA\u00d1\u00cdA.<\/p><p>8.3. LA COMPA\u00d1\u00cdA tan s\u00f3lo autoriza menciones a sus contenidos en otras sedes Web, con el tratamiento que \u00e9stas consideren siempre que sea respetuoso, cumpla la legislaci\u00f3n vigente y en ning\u00fan caso reproduzcan, sin la debida autorizaci\u00f3n, los contenidos de LA COMPA\u00d1\u00cdA.<\/p><ol start=\"9\"><li><strong> Ley y jurisdicci\u00f3n<\/strong><\/li><\/ol><p>Todas las cuestiones que se susciten entre LA COMPA\u00d1\u00cdA y el usuario relativas a la interpretaci\u00f3n, cumplimiento y validez del presente Aviso Legal se regir\u00e1n por sus propias cl\u00e1usulas y, en lo que en ellas no estuviere previsto, de acuerdo con la legislaci\u00f3n espa\u00f1ola. En el supuesto de que surja cualquier conflicto o discrepancia en la interpretaci\u00f3n o aplicaci\u00f3n del presente aviso legal, los Juzgados y Tribunales que, en su caso, conocer\u00e1n del asunto ser\u00e1n los del domicilio del usuario, cuando \u00e9ste sea una persona f\u00edsica. Sin embargo, en el caso de que el usuario sea una empresa, ambas partes se someten, con renuncia expresa a cualquier otro fuero, a los Juzgados y Tribunales de Barcelona (Espa\u00f1a). LA COMPA\u00d1\u00cdA perseguir\u00e1 el incumplimiento del presente Aviso Legal as\u00ed como cualquier utilizaci\u00f3n indebida del Sitio Web ejerciendo todas las acciones civiles y penales que le puedan corresponder y asistan en derecho.<\/p><\/div><\/div><\/div><\/div><\/div><\/section><\/div><\/div><\/div><\/div><\/div><\/div>\t\t\t\t\t\t\t\t<\/div>\n\t\t\t\t<\/div>\n\t\t\t\t\t<\/div>\n\t\t<\/div>\n\t\t\t\t\t<\/div>\n\t\t<\/section>\n\t\t\t\t<\/div>","protected":false},"excerpt":{"rendered":"<p>\u00a0 Aviso Legal \u00a0 \u00a0 Datos de identificaci\u00f3n Usted est\u00e1 visitando la p\u00e1gina Web www.fumless.com titularidad de FUMLES, S.L. (en adelante LA COMPA\u00d1\u00cdA) situada en c\/Pedro i Pons, 9-11, planta 5 puerta 3, 08034 de Barcelona, con CIF B67563692 e inscrita en el Registro Mercantil de Barcelona, Tomo 47.200, Folio 128, Hoja\u00a0 B-544509 Aceptaci\u00f3n del Usuario Este Aviso Legal regula el acceso y utilizaci\u00f3n de la p\u00e1gina web www.fumless.com (en[&hellip;]<\/p>\n","protected":false},"author":1,"featured_media":0,"parent":0,"menu_order":0,"comment_status":"closed","ping_status":"closed","template":"","meta":{"_acf_changed":false,"inline_featured_image":false,"footnotes":""},"class_list":["post-10397","page","type-page","status-publish","hentry"],"acf":[],"_links":{"self":[{"href":"https:\/\/fumless.com\/ca\/wp-json\/wp\/v2\/pages\/10397","targetHints":{"allow":["GET"]}}],"collection":[{"href":"https:\/\/fumless.com\/ca\/wp-json\/wp\/v2\/pages"}],"about":[{"href":"https:\/\/fumless.com\/ca\/wp-json\/wp\/v2\/types\/page"}],"author":[{"embeddable":true,"href":"https:\/\/fumless.com\/ca\/wp-json\/wp\/v2\/users\/1"}],"replies":[{"embeddable":true,"href":"https:\/\/fumless.com\/ca\/wp-json\/wp\/v2\/comments?post=10397"}],"version-history":[{"count":8,"href":"https:\/\/fumless.com\/ca\/wp-json\/wp\/v2\/pages\/10397\/revisions"}],"predecessor-version":[{"id":12057,"href":"https:\/\/fumless.com\/ca\/wp-json\/wp\/v2\/pages\/10397\/revisions\/12057"}],"wp:attachment":[{"href":"https:\/\/fumless.com\/ca\/wp-json\/wp\/v2\/media?parent=10397"}],"curies":[{"name":"wp","href":"https:\/\/api.w.org\/{rel}","templated":true}]}}