{"id":11086,"date":"2022-04-05T09:21:46","date_gmt":"2022-04-05T09:21:46","guid":{"rendered":"https:\/\/greenly-demo.pbminfotech.com\/elementor-datasite\/?page_id=26144"},"modified":"2025-09-04T10:27:50","modified_gmt":"2025-09-04T10:27:50","slug":"nosotros","status":"publish","type":"page","link":"https:\/\/fumless.com\/ca\/nosotros\/","title":{"rendered":"Nosaltres"},"content":{"rendered":"<div data-elementor-type=\"wp-page\" data-elementor-id=\"11086\" class=\"elementor elementor-11086\">\n\t\t\t\t\t\t<section class=\"elementor-section elementor-top-section elementor-element elementor-element-699b8c80 cspt-col-stretched-none cspt-bg-color-over-image elementor-section-boxed elementor-section-height-default elementor-section-height-default\" data-id=\"699b8c80\" data-element_type=\"section\" data-e-type=\"section\">\n\t\t\t\t\t\t<div class=\"elementor-container elementor-column-gap-no\">\n\t\t\t\t\t<div class=\"elementor-column elementor-col-33 elementor-top-column elementor-element elementor-element-f4fa71a cspt-bg-color-over-image\" data-id=\"f4fa71a\" data-element_type=\"column\" data-e-type=\"column\">\n\t\t\t<div class=\"elementor-widget-wrap elementor-element-populated\">\n\t\t\t\t\t\t<div class=\"elementor-element elementor-element-27abd9eb cspt-align-left elementor-widget elementor-widget-cspt_heading\" data-id=\"27abd9eb\" data-element_type=\"widget\" data-e-type=\"widget\" data-widget_type=\"cspt_heading.default\">\n\t\t\t\t<div class=\"elementor-widget-container\">\n\t\t\t\t\t\t<div class=\"cspt-heading-subheading left-align cspt-reverse-heading-yes\"><h1 class=\"cspt-element-subtitle\">\r\n\t\t\t\r\n\t\t\t\tSobre fumless\r\n\t\t\t\r\n\t\t\t<\/h1>\r\n\t\t<h2 class=\"cspt-element-title\">\r\n\t\t\t\r\n\t\t\t\tQui som?\r\n\t\t\t\r\n\t\t\t<\/h2>\r\n\t\t<\/div>\t\t\t\t<\/div>\n\t\t\t\t<\/div>\n\t\t\t\t\t<\/div>\n\t\t<\/div>\n\t\t\t\t<div class=\"elementor-column elementor-col-33 elementor-top-column elementor-element elementor-element-3e89222e cspt-bg-color-over-image\" data-id=\"3e89222e\" data-element_type=\"column\" data-e-type=\"column\">\n\t\t\t<div class=\"elementor-widget-wrap elementor-element-populated\">\n\t\t\t\t\t\t<div class=\"elementor-element elementor-element-601bf7ad elementor-widget elementor-widget-text-editor\" data-id=\"601bf7ad\" data-element_type=\"widget\" data-e-type=\"widget\" data-widget_type=\"text-editor.default\">\n\t\t\t\t<div class=\"elementor-widget-container\">\n\t\t\t\t\t\t\t\t\t<p>A\u00a0<strong><i>Fumless<\/i><\/strong>, contribu\u00efm a la sostenibilitat dels nostres clients a trav\u00e9s de la reducci\u00f3 del consum energ\u00e8tic, la utilitzaci\u00f3 d'energies de fonts renovables, alineant-los amb les tend\u00e8ncies de consum responsable.<\/p><p>Mesurem, calculem i responem a les necessitats reals per a reduir la petjada de carboni i fer que els edificis i ind\u00fastries siguin m\u00e9s sostenibles.<\/p><p>Realitzem serveis d'enginyeria i arquitectura, direcci\u00f3 d'obra, execuci\u00f3 de projectes clau en m\u00e0, en l'\u00e0mbit de l'efici\u00e8ncia energ\u00e8tica i les energies renovables.<\/p>\t\t\t\t\t\t\t\t<\/div>\n\t\t\t\t<\/div>\n\t\t\t\t\t<\/div>\n\t\t<\/div>\n\t\t\t\t<div class=\"elementor-column elementor-col-33 elementor-top-column elementor-element elementor-element-60fbf374 cspt-bg-color-over-image\" data-id=\"60fbf374\" data-element_type=\"column\" data-e-type=\"column\">\n\t\t\t<div class=\"elementor-widget-wrap elementor-element-populated\">\n\t\t\t\t\t\t<div class=\"elementor-element elementor-element-5283d03 elementor-widget elementor-widget-text-editor\" data-id=\"5283d03\" data-element_type=\"widget\" data-e-type=\"widget\" data-widget_type=\"text-editor.default\">\n\t\t\t\t<div class=\"elementor-widget-container\">\n\t\t\t\t\t\t\t\t\t<p style=\"background: white; margin: 0cm 0cm 18.75pt 0cm;\">Elaborem la documentaci\u00f3 t\u00e8cnica per a la sol\u00b7licitud de subvencions i ajuts per a la rehabilitaci\u00f3 energ\u00e8tica d'edificis.<\/p><p style=\"background: white; margin: 0cm 0cm 18.75pt 0cm;\"><span lang=\"ES\" style=\"font-family: 'DM Sans'; color: #888888;\">A <strong><i>Fumless<\/i><\/strong> generem negoci mitjan\u00e7ant m\u00faltiples serveis orientats a l'efici\u00e8ncia energ\u00e8tica, les energies renovables i la sostenibilitat.<\/span><\/p>\t\t\t\t\t\t\t\t<\/div>\n\t\t\t\t<\/div>\n\t\t\t\t\t<\/div>\n\t\t<\/div>\n\t\t\t\t\t<\/div>\n\t\t<\/section>\n\t\t\t\t<section class=\"elementor-section elementor-top-section elementor-element elementor-element-207ad645 cspt-bg-color-yes cspt-elementor-bg-color-light elementor-section-stretched cspt-col-stretched-none cspt-bg-color-over-image elementor-section-boxed elementor-section-height-default elementor-section-height-default\" data-id=\"207ad645\" data-element_type=\"section\" data-e-type=\"section\" data-settings=\"{&quot;stretch_section&quot;:&quot;section-stretched&quot;}\">\n\t\t\t\t\t\t<div class=\"elementor-container elementor-column-gap-extended\">\n\t\t\t\t\t<div class=\"elementor-column elementor-col-100 elementor-top-column elementor-element elementor-element-53b04ba8 cspt-bg-color-over-image\" data-id=\"53b04ba8\" data-element_type=\"column\" data-e-type=\"column\">\n\t\t\t<div class=\"elementor-widget-wrap elementor-element-populated\">\n\t\t\t\t\t\t<div class=\"elementor-element elementor-element-6f7839d9 cspt-align-center elementor-widget elementor-widget-cspt_multiple_icon_heading\" data-id=\"6f7839d9\" data-element_type=\"widget\" data-e-type=\"widget\" data-widget_type=\"cspt_multiple_icon_heading.default\">\n\t\t\t\t<div class=\"elementor-widget-container\">\n\t\t\t\t\t<div class=\"creativesplanet-element creativesplanet-element-miconheading cspt-element-miconheading-style-1 creativesplanet-element-viewtype-row-column\" data-show=\"3\" data-columns=\"3\" data-loop=\"false\" data-autoplay=\"false\" data-center=\"false\" data-nav=\"false\" data-dots=\"false\" data-autoplayspeed=\"1000\" data-margin=\"\"><div class=\"creativesplanet-element-inner\">\r\n\t\t<div class=\"cspt-ele-header-area\">\r\n\t\t\t\t<div class=\"cspt-heading-subheading center-align cspt-reverse-heading-yes\"><div class=\"cspt-element-subtitle\">\r\n\t\t\t\r\n\t\t\t\tQui som?\r\n\t\t\t\r\n\t\t\t<\/div>\r\n\t\t<h2 class=\"cspt-element-title\">\r\n\t\t\t\r\n\t\t\t\tExperts en transici\u00f3 energ\u00e8tica\r\n\t\t\t\r\n\t\t\t<\/h2>\r\n\t\t<\/div>\t\t<\/div>\r\n\r\n\t\t<div class=\"cspt-element-posts-wrapper row multi-columns-row\">\r\n\r\n\t\t<div class=\"cspt-ele cspt-miconheading-ele col-md-4\"><div class=\"cspt-ihbox cspt-ihbox-style-1\"><div class=\"cspt-ihbox cspt-ihbox-style-\">\r\n\t<div class=\"cspt-ihbox-icon\"><div class=\"cspt-ihbox-icon-wrapper\"><i class=\"cspt-greenly-icon cspt-greenly-icon-light\"><\/i><\/div><\/div>\t<div class=\"cspt-ihbox-contents\">\r\n\t\t<h3 class=\"cspt-element-title\">\r\n\t\t\t\t\t\t\t\r\n\t\t\t\t\t\t\t\tMissi\u00f3 de Fumless\r\n\t\t\t\t\t\t\t\r\n\t\t\t\t\t\t\t<\/h3>\r\n\t\t\t\t\t\t\t\t\t\t<div class=\"cspt-heading-desc\">A <strong><i>Fumless<\/i><\/strong>, la nostra missi\u00f3 \u00e9s impulsar un canvi cap a un futur m\u00e9s net i sostenible, oferint solucions energ\u00e8tiques eficients i respectuoses amb el medi ambient.<\/div>\t\t\t<\/div><!-- .cspt-ihbox-contents -->\r\n<\/div>\r\n<\/div><\/div><div class=\"cspt-ele cspt-miconheading-ele col-md-4\"><div class=\"cspt-ihbox cspt-ihbox-style-1\"><div class=\"cspt-ihbox cspt-ihbox-style-\">\r\n\t<div class=\"cspt-ihbox-icon\"><div class=\"cspt-ihbox-icon-wrapper\"><i class=\"cspt-greenly-icon cspt-greenly-icon-solar-energy\"><\/i><\/div><\/div>\t<div class=\"cspt-ihbox-contents\">\r\n\t\t<h3 class=\"cspt-element-title\">\r\n\t\t\t\t\t\t\t\r\n\t\t\t\t\t\t\t\tPer qu\u00e8 triar a Fumless?\r\n\t\t\t\t\t\t\t\r\n\t\t\t\t\t\t\t<\/h3>\r\n\t\t\t\t\t\t\t\t\t\t<div class=\"cspt-heading-desc\">Oferim solucions personalitzades i centrades en les necessitats espec\u00edfiques de cada client. La nostra experi\u00e8ncia en el sector de les energies renovables i el nostre enfocament en la reducci\u00f3 del consum energ\u00e8tic ens converteixen en el soci ideal per a aquells que busquen solucions innovadores i sostenibles.<\/div>\t\t\t<\/div><!-- .cspt-ihbox-contents -->\r\n<\/div>\r\n<\/div><\/div><div class=\"cspt-ele cspt-miconheading-ele col-md-4\"><div class=\"cspt-ihbox cspt-ihbox-style-1\"><div class=\"cspt-ihbox cspt-ihbox-style-\">\r\n\t<div class=\"cspt-ihbox-icon\"><div class=\"cspt-ihbox-icon-wrapper\"><i class=\"cspt-greenly-icon cspt-greenly-icon-planet-earth\"><\/i><\/div><\/div>\t<div class=\"cspt-ihbox-contents\">\r\n\t\t<h3 class=\"cspt-element-title\">\r\n\t\t\t\t\t\t\t\r\n\t\t\t\t\t\t\t\tObjectiu de Fumless?\r\n\t\t\t\t\t\t\t\r\n\t\t\t\t\t\t\t<\/h3>\r\n\t\t\t\t\t\t\t\t\t\t<div class=\"cspt-heading-desc\">Proporcionar als nostres clients les eines i coneixements necessaris per a reduir la seva petjada de carboni i contribuir a un m\u00f3n m\u00e9s sostenible.<\/div>\t\t\t<\/div><!-- .cspt-ihbox-contents -->\r\n<\/div>\r\n<\/div><\/div>\r\n\t\t<\/div>\r\n\r\n\t\t<\/div><!-- .creativesplanet-element-inner -->   <\/div><!-- .creativesplanet-element -->  \t\t\t\t<\/div>\n\t\t\t\t<\/div>\n\t\t\t\t\t<\/div>\n\t\t<\/div>\n\t\t\t\t\t<\/div>\n\t\t<\/section>\n\t\t\t\t<section class=\"elementor-section elementor-top-section elementor-element elementor-element-e1506f6 elementor-section-stretched cspt-col-stretched-none cspt-bg-color-over-image elementor-section-boxed elementor-section-height-default elementor-section-height-default\" data-id=\"e1506f6\" data-element_type=\"section\" data-e-type=\"section\" id=\"certificaciones\" data-settings=\"{&quot;stretch_section&quot;:&quot;section-stretched&quot;,&quot;background_background&quot;:&quot;classic&quot;}\">\n\t\t\t\t\t\t<div class=\"elementor-container elementor-column-gap-extended\">\n\t\t\t\t\t<div class=\"elementor-column elementor-col-100 elementor-top-column elementor-element elementor-element-635fbde cspt-bg-color-yes cspt-elementor-bg-color-white cspt-bg-color-over-image\" data-id=\"635fbde\" data-element_type=\"column\" data-e-type=\"column\">\n\t\t\t<div class=\"elementor-widget-wrap elementor-element-populated\">\n\t\t\t\t\t\t<div class=\"elementor-element elementor-element-1efedf3 cspt-align-center elementor-widget elementor-widget-cspt_multiple_icon_heading\" data-id=\"1efedf3\" data-element_type=\"widget\" data-e-type=\"widget\" data-widget_type=\"cspt_multiple_icon_heading.default\">\n\t\t\t\t<div class=\"elementor-widget-container\">\n\t\t\t\t\t<div class=\"creativesplanet-element creativesplanet-element-miconheading cspt-element-miconheading-style-1 creativesplanet-element-viewtype-row-column\" data-show=\"3\" data-columns=\"2\" data-loop=\"false\" data-autoplay=\"false\" data-center=\"false\" data-nav=\"false\" data-dots=\"false\" data-autoplayspeed=\"1000\" data-margin=\"\"><div class=\"creativesplanet-element-inner\">\r\n\t\t<div class=\"cspt-ele-header-area\">\r\n\t\t\t\t<div class=\"cspt-heading-subheading center-align cspt-reverse-heading-yes\"><h2 class=\"cspt-element-title\">\r\n\t\t\t\r\n\t\t\t\tLes nostres certificacions\r\n\t\t\t\r\n\t\t\t<\/h2>\r\n\t\t<\/div>\t\t<\/div>\r\n\r\n\t\t<div class=\"cspt-element-posts-wrapper row multi-columns-row\">\r\n\r\n\t\t<div class=\"cspt-ele cspt-miconheading-ele col-md-6\"><div class=\"cspt-ihbox cspt-ihbox-style-1\"><div class=\"cspt-ihbox cspt-ihbox-style-\">\r\n\t<div class=\"cspt-ihbox-icon\"><div class=\"cspt-ihbox-icon-wrapper cspt-ihbox-icon-type-image\"><img decoding=\"async\" data-src=\"https:\/\/fumless.com\/wp-content\/uploads\/2024\/12\/sello-iso-9001-01_Sello-ISO-9001.jpg\" alt=\"ISO 9001\" src=\"data:image\/svg+xml;base64,PHN2ZyB3aWR0aD0iMSIgaGVpZ2h0PSIxIiB4bWxucz0iaHR0cDovL3d3dy53My5vcmcvMjAwMC9zdmciPjwvc3ZnPg==\" class=\"lazyload\" style=\"--smush-placeholder-width: 185px; --smush-placeholder-aspect-ratio: 185\/192;\" \/><\/div><\/div>\t<div class=\"cspt-ihbox-contents\">\r\n\t\t<h3 class=\"cspt-element-title\">\r\n\t\t\t\t\t\t\t\r\n\t\t\t\t\t\t\t\tISO 9001\r\n\t\t\t\t\t\t\t\r\n\t\t\t\t\t\t\t<\/h3>\r\n\t\t\t\t\t\t\t\t<h4 class=\"cspt-element-subtitle\">\r\n\t\t\t\t\t\t\t\r\n\t\t\t\t\t\t\t\tCertificaci\u00f3 Sistema de Gesti\u00f3 de la Qualitat  \r\n\t\t\t\t\t\t\t\r\n\t\t\t\t\t\t\t<\/h4>\r\n\t\t\t\t\t\t\t\t\t\t\t<\/div><!-- .cspt-ihbox-contents -->\r\n<\/div>\r\n<\/div><\/div><div class=\"cspt-ele cspt-miconheading-ele col-md-6\"><div class=\"cspt-ihbox cspt-ihbox-style-1\"><div class=\"cspt-ihbox cspt-ihbox-style-\">\r\n\t<div class=\"cspt-ihbox-icon\"><div class=\"cspt-ihbox-icon-wrapper cspt-ihbox-icon-type-image\"><img decoding=\"async\" data-src=\"https:\/\/fumless.com\/wp-content\/uploads\/2024\/12\/sello-iso-9001-01_Sello-ISO-14001.jpg\" alt=\"ISO 14001\" src=\"data:image\/svg+xml;base64,PHN2ZyB3aWR0aD0iMSIgaGVpZ2h0PSIxIiB4bWxucz0iaHR0cDovL3d3dy53My5vcmcvMjAwMC9zdmciPjwvc3ZnPg==\" class=\"lazyload\" style=\"--smush-placeholder-width: 185px; --smush-placeholder-aspect-ratio: 185\/192;\" \/><\/div><\/div>\t<div class=\"cspt-ihbox-contents\">\r\n\t\t<h3 class=\"cspt-element-title\">\r\n\t\t\t\t\t\t\t\r\n\t\t\t\t\t\t\t\tISO 14001 \r\n\t\t\t\t\t\t\t\r\n\t\t\t\t\t\t\t<\/h3>\r\n\t\t\t\t\t\t\t\t<h4 class=\"cspt-element-subtitle\">\r\n\t\t\t\t\t\t\t\r\n\t\t\t\t\t\t\t\tCertificaci\u00f3 Mediambiental \r\n\t\t\t\t\t\t\t\r\n\t\t\t\t\t\t\t<\/h4>\r\n\t\t\t\t\t\t\t\t\t\t\t<\/div><!-- .cspt-ihbox-contents -->\r\n<\/div>\r\n<\/div><\/div><div class=\"cspt-ele cspt-miconheading-ele col-md-6\"><div class=\"cspt-ihbox cspt-ihbox-style-1\"><div class=\"cspt-ihbox cspt-ihbox-style-\">\r\n\t<div class=\"cspt-ihbox-icon\"><div class=\"cspt-ihbox-icon-wrapper cspt-ihbox-icon-type-image\"><img decoding=\"async\" data-src=\"https:\/\/fumless.com\/wp-content\/uploads\/2024\/12\/sello-iso-9001-01_Sello-ISO-45001.jpg\" alt=\"ISO 45001\" src=\"data:image\/svg+xml;base64,PHN2ZyB3aWR0aD0iMSIgaGVpZ2h0PSIxIiB4bWxucz0iaHR0cDovL3d3dy53My5vcmcvMjAwMC9zdmciPjwvc3ZnPg==\" class=\"lazyload\" style=\"--smush-placeholder-width: 185px; --smush-placeholder-aspect-ratio: 185\/192;\" \/><\/div><\/div>\t<div class=\"cspt-ihbox-contents\">\r\n\t\t<h3 class=\"cspt-element-title\">\r\n\t\t\t\t\t\t\t\r\n\t\t\t\t\t\t\t\tISO 45001 \r\n\t\t\t\t\t\t\t\r\n\t\t\t\t\t\t\t<\/h3>\r\n\t\t\t\t\t\t\t\t<h4 class=\"cspt-element-subtitle\">\r\n\t\t\t\t\t\t\t\r\n\t\t\t\t\t\t\t\tCertificaci\u00f3 Seguretat i Salut\r\n\t\t\t\t\t\t\t\r\n\t\t\t\t\t\t\t<\/h4>\r\n\t\t\t\t\t\t\t\t\t\t\t<\/div><!-- .cspt-ihbox-contents -->\r\n<\/div>\r\n<\/div><\/div><div class=\"cspt-ele cspt-miconheading-ele col-md-6\"><div class=\"cspt-ihbox cspt-ihbox-style-1\"><div class=\"cspt-ihbox cspt-ihbox-style-\">\r\n\t<div class=\"cspt-ihbox-icon\"><div class=\"cspt-ihbox-icon-wrapper cspt-ihbox-icon-type-image\"><img decoding=\"async\" data-src=\"https:\/\/fumless.com\/wp-content\/uploads\/2024\/12\/sello-iso-9001-01_Sello-ISO-50001.jpg\" alt=\"ISO 50001\" src=\"data:image\/svg+xml;base64,PHN2ZyB3aWR0aD0iMSIgaGVpZ2h0PSIxIiB4bWxucz0iaHR0cDovL3d3dy53My5vcmcvMjAwMC9zdmciPjwvc3ZnPg==\" class=\"lazyload\" style=\"--smush-placeholder-width: 185px; --smush-placeholder-aspect-ratio: 185\/192;\" \/><\/div><\/div>\t<div class=\"cspt-ihbox-contents\">\r\n\t\t<h3 class=\"cspt-element-title\">\r\n\t\t\t\t\t\t\t\r\n\t\t\t\t\t\t\t\tISO 50001 \r\n\t\t\t\t\t\t\t\r\n\t\t\t\t\t\t\t<\/h3>\r\n\t\t\t\t\t\t\t\t<h4 class=\"cspt-element-subtitle\">\r\n\t\t\t\t\t\t\t\r\n\t\t\t\t\t\t\t\tCertificaci\u00f3 Efici\u00e8ncia Energ\u00e8tica\r\n\t\t\t\t\t\t\t\r\n\t\t\t\t\t\t\t<\/h4>\r\n\t\t\t\t\t\t\t\t\t\t\t<\/div><!-- .cspt-ihbox-contents -->\r\n<\/div>\r\n<\/div><\/div>\r\n\t\t<\/div>\r\n\r\n\t\t<\/div><!-- .creativesplanet-element-inner -->   <\/div><!-- .creativesplanet-element -->  \t\t\t\t<\/div>\n\t\t\t\t<\/div>\n\t\t\t\t\t<\/div>\n\t\t<\/div>\n\t\t\t\t\t<\/div>\n\t\t<\/section>\n\t\t\t\t<section class=\"elementor-section elementor-top-section elementor-element elementor-element-6cb2362 cspt-bg-color-yes cspt-elementor-bg-color-white elementor-section-content-middle cspt-col-stretched-left cspt-bg-color-over-image elementor-section-boxed elementor-section-height-default elementor-section-height-default\" data-id=\"6cb2362\" data-element_type=\"section\" data-e-type=\"section\" data-settings=\"{&quot;background_background&quot;:&quot;classic&quot;}\">\n\t\t\t\t\t\t<div class=\"elementor-container elementor-column-gap-default\">\n\t\t\t\t\t<div class=\"elementor-column elementor-col-50 elementor-top-column elementor-element elementor-element-19437088 cspt-bg-image-over-color elementor-hidden-tablet elementor-hidden-mobile\" data-id=\"19437088\" data-element_type=\"column\" data-e-type=\"column\" data-settings=\"{&quot;background_background&quot;:&quot;classic&quot;}\">\n\t\t\t<div class=\"elementor-widget-wrap elementor-element-populated\">\n\t\t\t\t\t\t<div class=\"elementor-element elementor-element-6e30cbcb elementor-widget elementor-widget-image\" data-id=\"6e30cbcb\" data-element_type=\"widget\" data-e-type=\"widget\" data-widget_type=\"image.default\">\n\t\t\t\t<div class=\"elementor-widget-container\">\n\t\t\t\t\t\t\t\t\t\t\t\t\t\t\t<img decoding=\"async\" data-src=\"https:\/\/fumless.com\/wp-content\/uploads\/elementor\/thumbs\/proceso1-qqgeb6fjphmovypi4j5ji8wsvlix3iw514ffylwxc0.webp\" title=\"proceso1\" alt=\"proceso1\" src=\"data:image\/svg+xml;base64,PHN2ZyB3aWR0aD0iMSIgaGVpZ2h0PSIxIiB4bWxucz0iaHR0cDovL3d3dy53My5vcmcvMjAwMC9zdmciPjwvc3ZnPg==\" class=\"lazyload\" style=\"--smush-placeholder-width: 460px; --smush-placeholder-aspect-ratio: 460\/480;\" \/>\t\t\t\t\t\t\t\t\t\t\t\t\t\t\t<\/div>\n\t\t\t\t<\/div>\n\t\t\t\t<div class=\"elementor-element elementor-element-82e1a4a elementor-widget__width-auto elementor-absolute elementor-widget elementor-widget-image\" data-id=\"82e1a4a\" data-element_type=\"widget\" data-e-type=\"widget\" data-settings=\"{&quot;_position&quot;:&quot;absolute&quot;}\" data-widget_type=\"image.default\">\n\t\t\t\t<div class=\"elementor-widget-container\">\n\t\t\t\t\t\t\t\t\t\t\t\t\t\t\t<img fetchpriority=\"high\" decoding=\"async\" width=\"360\" height=\"400\" src=\"https:\/\/fumless.com\/wp-content\/uploads\/2024\/07\/proceso2.webp\" class=\"attachment-large size-large wp-image-11374\" alt=\"\" srcset=\"https:\/\/fumless.com\/wp-content\/uploads\/2024\/07\/proceso2.webp 360w, https:\/\/fumless.com\/wp-content\/uploads\/2024\/07\/proceso2-270x300.webp 270w\" sizes=\"(max-width: 360px) 100vw, 360px\" data-id=\"11374\" \/>\t\t\t\t\t\t\t\t\t\t\t\t\t\t\t<\/div>\n\t\t\t\t<\/div>\n\t\t\t\t\t<\/div>\n\t\t<\/div>\n\t\t\t\t<div class=\"elementor-column elementor-col-50 elementor-top-column elementor-element elementor-element-765a0d62 cspt-bg-color-over-image\" data-id=\"765a0d62\" data-element_type=\"column\" data-e-type=\"column\">\n\t\t\t<div class=\"elementor-widget-wrap elementor-element-populated\">\n\t\t\t\t\t\t<div class=\"elementor-element elementor-element-be30ae cspt-align-left elementor-widget elementor-widget-cspt_heading\" data-id=\"be30ae\" data-element_type=\"widget\" data-e-type=\"widget\" data-widget_type=\"cspt_heading.default\">\n\t\t\t\t<div class=\"elementor-widget-container\">\n\t\t\t\t\t\t<div class=\"cspt-heading-subheading left-align cspt-reverse-heading-yes\"><div class=\"cspt-element-subtitle\">\r\n\t\t\t\r\n\t\t\t\tQUE FEM A FUMLESS\r\n\t\t\t\r\n\t\t\t<\/div>\r\n\t\t<h2 class=\"cspt-element-title\">\r\n\t\t\t\r\n\t\t\t\tEl nostre proc\u00e9s de treball\r\n\t\t\t\r\n\t\t\t<\/h2>\r\n\t\t<div class=\"cspt-heading-desc\">A <strong><i>Fumless<\/i><\/strong>, treballem de forma transparent i eficient en cada projecte que emprenem. Des de l'inici fins a la finalitzaci\u00f3, ens dediquem a entendre les necessitats espec\u00edfiques de cada client i desenvolupar solucions a mida. El nostre equip fa el seguiment de tot el proc\u00e9s, des de l'avaluaci\u00f3 inicial fins a la implementaci\u00f3. Oferim un servei complet que inclou des de la redacci\u00f3 de projectes t\u00e8cnics fins a l'assist\u00e8ncia t\u00e8cnica i la direcci\u00f3 d'obra, assegurant que cada projecte es dugui a terme amb els est\u00e0ndards m\u00e9s alts de qualitat i professionalisme. Amb <strong><i>Fumless<\/i><\/strong>, els nostres clients poden esperar un enfocament personalitzat, solucions innovadores i un comprom\u00eds infrangible amb la sostenibilitat i l'efici\u00e8ncia energ\u00e8tica.<\/div><\/div>\t\t\t\t<\/div>\n\t\t\t\t<\/div>\n\t\t\t\t\t<\/div>\n\t\t<\/div>\n\t\t\t\t\t<\/div>\n\t\t<\/section>\n\t\t\t\t<\/div>","protected":false},"excerpt":{"rendered":"<p>Sobre fumless Qui\u00e9nes somos En\u00a0Fumless, contribuimos a la sostenibilidad de nuestros clientes a trav\u00e9s de la reducci\u00f3n del consumo energ\u00e9tico, la utilizaci\u00f3n de energ\u00edas de fuentes renovables, aline\u00e1ndolos con las tendencias de consumo responsable. Medimos, calculamos y respondemos a las necesidades reales para reducir la huella de carbono y hacer que los edificios e industrias sean m\u00e1s sostenibles. Realizamos servicios de ingenier\u00eda y arquitectura, direcci\u00f3n de obra, ejecuci\u00f3n de proyectos[&hellip;]<\/p>\n","protected":false},"author":1,"featured_media":0,"parent":0,"menu_order":9,"comment_status":"closed","ping_status":"closed","template":"","meta":{"_acf_changed":false,"inline_featured_image":false,"footnotes":""},"class_list":["post-11086","page","type-page","status-publish","hentry"],"acf":[],"_links":{"self":[{"href":"https:\/\/fumless.com\/ca\/wp-json\/wp\/v2\/pages\/11086","targetHints":{"allow":["GET"]}}],"collection":[{"href":"https:\/\/fumless.com\/ca\/wp-json\/wp\/v2\/pages"}],"about":[{"href":"https:\/\/fumless.com\/ca\/wp-json\/wp\/v2\/types\/page"}],"author":[{"embeddable":true,"href":"https:\/\/fumless.com\/ca\/wp-json\/wp\/v2\/users\/1"}],"replies":[{"embeddable":true,"href":"https:\/\/fumless.com\/ca\/wp-json\/wp\/v2\/comments?post=11086"}],"version-history":[{"count":47,"href":"https:\/\/fumless.com\/ca\/wp-json\/wp\/v2\/pages\/11086\/revisions"}],"predecessor-version":[{"id":12498,"href":"https:\/\/fumless.com\/ca\/wp-json\/wp\/v2\/pages\/11086\/revisions\/12498"}],"wp:attachment":[{"href":"https:\/\/fumless.com\/ca\/wp-json\/wp\/v2\/media?parent=11086"}],"curies":[{"name":"wp","href":"https:\/\/api.w.org\/{rel}","templated":true}]}}