{"id":11098,"date":"2022-04-01T11:44:34","date_gmt":"2022-04-01T11:44:34","guid":{"rendered":"http:\/\/greenly-demo.pbminfotech.com\/elementor-site7\/?page_id=10650"},"modified":"2025-02-18T10:02:23","modified_gmt":"2025-02-18T10:02:23","slug":"proyectos","status":"publish","type":"page","link":"https:\/\/fumless.com\/ca\/proyectos\/","title":{"rendered":"Projectes"},"content":{"rendered":"\t\t<div data-elementor-type=\"wp-page\" data-elementor-id=\"11098\" class=\"elementor elementor-11098\">\n\t\t\t\t\t\t<section class=\"elementor-section elementor-top-section elementor-element elementor-element-3f2d896a cspt-bg-color-yes cspt-elementor-bg-color-white cspt-col-stretched-none cspt-bg-color-over-image elementor-section-boxed elementor-section-height-default elementor-section-height-default\" data-id=\"3f2d896a\" data-element_type=\"section\" data-e-type=\"section\">\n\t\t\t\t\t\t<div class=\"elementor-container elementor-column-gap-default\">\n\t\t\t\t\t<div class=\"elementor-column elementor-col-100 elementor-top-column elementor-element elementor-element-a3255f9 cspt-bg-color-over-image\" data-id=\"a3255f9\" data-element_type=\"column\" data-e-type=\"column\">\n\t\t\t<div class=\"elementor-widget-wrap elementor-element-populated\">\n\t\t\t\t\t\t<div class=\"elementor-element elementor-element-cb59b41 cspt-align-center elementor-widget elementor-widget-cspt_heading\" data-id=\"cb59b41\" data-element_type=\"widget\" data-e-type=\"widget\" data-widget_type=\"cspt_heading.default\">\n\t\t\t\t<div class=\"elementor-widget-container\">\n\t\t\t\t\t\t<div class=\"cspt-heading-subheading center-align cspt-reverse-heading-yes\"><div class=\"cspt-element-subtitle\">\r\n\t\t\t\r\n\t\t\t\tFUMLESS\r\n\t\t\t\r\n\t\t\t<\/div>\r\n\t\t<h1 class=\"cspt-element-title\">\r\n\t\t\t\r\n\t\t\t\tNuestros proyectos destacados \r\n\t\t\t\r\n\t\t\t<\/h1>\r\n\t\t<\/div>\t\t\t\t<\/div>\n\t\t\t\t<\/div>\n\t\t\t\t<div class=\"elementor-element elementor-element-1f647850 cspt-align-left elementor-widget elementor-widget-cspt_portfolio_element\" data-id=\"1f647850\" data-element_type=\"widget\" data-e-type=\"widget\" data-widget_type=\"cspt_portfolio_element.default\">\n\t\t\t\t<div class=\"elementor-widget-container\">\n\t\t\t\t\t\r\n\t\t<div class=\"creativesplanet-element creativesplanet-element-portfolio cspt-element-portfolio-style-2 creativesplanet-element-viewtype-row-column creativesplanet-gap-30px\" data-show=\"12\" data-columns=\"3\" data-loop=\"false\" data-autoplay=\"false\" data-center=\"false\" data-nav=\"false\" data-dots=\"false\" data-autoplayspeed=\"1000\" data-margin=\"30px\"><div class=\"creativesplanet-element-inner\">\r\n\t\t\r\n\t\t\t<div class=\"cspt-ele-header-area\">\r\n\t\t\t\t\t<div class=\"cspt-heading-subheading left-align \"><\/div>\r\n\t\t\t\t\r\n\t\t\t<\/div>\r\n\r\n\t\t\t<div class=\"cspt-element-posts-wrapper row multi-columns-row\">\r\n\r\n\t\t\t<div class=\"cspt-ele cspt-portfolio-ele col-md-4 implementacion-de-instalaciones-fotovoltaicas cspt-term-58\"><article class=\"creativesplanet-ele creativesplanet-ele-portfolio cspt-portfolio-style-2 cspt-odd\">\r\n\t<div class=\"creativesplanet-post-item\">\t\t\t\t\r\n\t\t<div class=\"cspt-image-wrapper\">\r\n\t\t\t<div class=\"cspt-featured-wrapper\"><a href=\"https:\/\/fumless.com\/ca\/portfolio\/instalaciones-fotovoltaicas-por-autoconsumo-ubicadas-en-recintos-de-empresas-de-conservacion-de-autovias\/\"><img fetchpriority=\"high\" decoding=\"async\" width=\"770\" height=\"500\" src=\"https:\/\/fumless.com\/wp-content\/uploads\/2025\/08\/impplementacion-fotovoltaica-770x500.jpg\" class=\"attachment-cspt-img-770x500 size-cspt-img-770x500 wp-post-image\" alt=\"implentacion fotovoltaica\" data-id=\"12441\" \/><\/a><\/div>\t\t<\/div>\t\t\t\r\n\t\t<div class=\"cspt-content-wrapper\">\r\n\t\t\t<h3 class=\"cspt-portfolio-title\"><a href=\"https:\/\/fumless.com\/ca\/portfolio\/instalaciones-fotovoltaicas-por-autoconsumo-ubicadas-en-recintos-de-empresas-de-conservacion-de-autovias\/\">Instalaciones fotovoltaicas por autoconsumo, ubicadas en recintos de empresas de conservaci\u00f3n de autov\u00edas<\/a><\/h3>\t\r\n\t\t\t\t\t\t\t<div class=\"cspt-short-description\">\r\n\t\t\t\t\t<p>Misi\u00f3n del proyecto Contrato llave en mano para dise\u00f1o, construcci\u00f3n, aprovisionamientos, montaje y puesta en servicio de 10 instalaciones en infraestructuras pertenecientes empresas de conservaci\u00f3n de autov\u00edas. Se ha instalado fotovoltaica en diversas zonas a lo largo de importantes carreteras de la regi\u00f3n, incluyendo: C16-LLOBREGAT: T\u00fanel Casserres y Edificio Llobregat. C17 \u2013 TER: Edificio del Gurb, T\u00fanel de Ripoll, T\u00faneles Sant Quirze, T\u00faneles Terradelles N+S, T\u00faneles La Farga y T\u00faneles[&hellip;]<\/p>\n\t\t\t\t<\/div>\r\n\t\t\t\t\t\t\t\t\t\t\r\n\t\t\t<div class=\"vc_btn3-container vc_btn3-inline\">\r\n\t\t\t\t<a class=\"vc_general vc_btn3 vc_btn3-size-md vc_btn3-shape-rounded vc_btn3-style-modern vc_btn3-color-globalcolor\" href=\"https:\/\/fumless.com\/ca\/portfolio\/instalaciones-fotovoltaicas-por-autoconsumo-ubicadas-en-recintos-de-empresas-de-conservacion-de-autovias\/\" title=\"Instalaciones fotovoltaicas por autoconsumo, ubicadas en recintos de empresas de conservaci\u00f3n de autov\u00edas\"><span>Read More<\/span><\/a>\r\n\t\t\t<\/div>\r\n\t\t<\/div>\r\n\t<\/div>\r\n<\/article><\/div><div class=\"cspt-ele cspt-portfolio-ele col-md-4 implementacion-de-instalaciones-fotovoltaicas cspt-term-58 redaccion-de-proyectos cspt-term-59\"><article class=\"creativesplanet-ele creativesplanet-ele-portfolio cspt-portfolio-style-2 cspt-even\">\r\n\t<div class=\"creativesplanet-post-item\">\t\t\t\t\r\n\t\t<div class=\"cspt-image-wrapper\">\r\n\t\t\t<div class=\"cspt-featured-wrapper\"><a href=\"https:\/\/fumless.com\/ca\/portfolio\/mejora-eficiencia-1\/\"><img decoding=\"async\" width=\"770\" height=\"500\" data-src=\"https:\/\/fumless.com\/wp-content\/uploads\/2025\/08\/Montcada-a-la-C-17--770x500.jpg\" class=\"attachment-cspt-img-770x500 size-cspt-img-770x500 wp-post-image lazyload\" alt=\"Montcada a la C-17\" data-srcset=\"https:\/\/fumless.com\/wp-content\/uploads\/2025\/08\/Montcada-a-la-C-17--770x500.jpg 770w, https:\/\/fumless.com\/wp-content\/uploads\/2025\/08\/Montcada-a-la-C-17--18x12.jpg 18w\" data-sizes=\"(max-width: 770px) 100vw, 770px\" data-id=\"12448\" src=\"data:image\/svg+xml;base64,PHN2ZyB3aWR0aD0iMSIgaGVpZ2h0PSIxIiB4bWxucz0iaHR0cDovL3d3dy53My5vcmcvMjAwMC9zdmciPjwvc3ZnPg==\" style=\"--smush-placeholder-width: 770px; --smush-placeholder-aspect-ratio: 770\/500;\" \/><\/a><\/div>\t\t<\/div>\t\t\t\r\n\t\t<div class=\"cspt-content-wrapper\">\r\n\t\t\t<h3 class=\"cspt-portfolio-title\"><a href=\"https:\/\/fumless.com\/ca\/portfolio\/mejora-eficiencia-1\/\">Mejora de la eficiencia energ\u00e9tica, reducci\u00f3n de emisiones y autogeneraci\u00f3n de energ\u00eda solar del t\u00fanel de Moncada a la C-17<\/a><\/h3>\t\r\n\t\t\t\t\t\t\t<div class=\"cspt-short-description\">\r\n\t\t\t\t\t<p>Misi\u00f3n del proyecto Mejorar la eficiencia energ\u00e9tica mediante la sustituci\u00f3n del sistema de iluminaci\u00f3n por tecnolog\u00eda LED, y fomentar el autoconsumo energ\u00e9tico a trav\u00e9s de una instalaci\u00f3n fotovoltaica conectada a la red interior con compensaci\u00f3n de excedentes. Retos del proyecto La considerable distancia entre el campo fotovoltaico y el punto de conexi\u00f3n, lo que ha requerido una planificaci\u00f3n cuidadosa del trazado el\u00e9ctrico para minimizar p\u00e9rdidas de energ\u00eda y optimizar la[&hellip;]<\/p>\n\t\t\t\t<\/div>\r\n\t\t\t\t\t\t\t\t\t\t\r\n\t\t\t<div class=\"vc_btn3-container vc_btn3-inline\">\r\n\t\t\t\t<a class=\"vc_general vc_btn3 vc_btn3-size-md vc_btn3-shape-rounded vc_btn3-style-modern vc_btn3-color-globalcolor\" href=\"https:\/\/fumless.com\/ca\/portfolio\/mejora-eficiencia-1\/\" title=\"Mejora de la eficiencia energ\u00e9tica, reducci\u00f3n de emisiones y autogeneraci\u00f3n de energ\u00eda solar del t\u00fanel de Moncada a la C-17\"><span>Read More<\/span><\/a>\r\n\t\t\t<\/div>\r\n\t\t<\/div>\r\n\t<\/div>\r\n<\/article><\/div><div class=\"cspt-ele cspt-portfolio-ele col-md-4 implementacion-de-instalaciones-fotovoltaicas cspt-term-58 redaccion-de-proyectos cspt-term-59\"><article class=\"creativesplanet-ele creativesplanet-ele-portfolio cspt-portfolio-style-2 cspt-odd\">\r\n\t<div class=\"creativesplanet-post-item\">\t\t\t\t\r\n\t\t<div class=\"cspt-image-wrapper\">\r\n\t\t\t<div class=\"cspt-featured-wrapper\"><a href=\"https:\/\/fumless.com\/ca\/portfolio\/mejora-eficiencia-2\/\"><img decoding=\"async\" width=\"770\" height=\"500\" data-src=\"https:\/\/fumless.com\/wp-content\/uploads\/2025\/08\/Mollet-a-la-C-17-del-PK-4850-al-11110._page-0001-e1756973912820-770x500.jpg\" class=\"attachment-cspt-img-770x500 size-cspt-img-770x500 wp-post-image lazyload\" alt=\"Redacci\u00f3n de proyectos\" data-srcset=\"https:\/\/fumless.com\/wp-content\/uploads\/2025\/08\/Mollet-a-la-C-17-del-PK-4850-al-11110._page-0001-e1756973912820-770x500.jpg 770w, https:\/\/fumless.com\/wp-content\/uploads\/2025\/08\/Mollet-a-la-C-17-del-PK-4850-al-11110._page-0001-e1756973912820-18x12.jpg 18w\" data-sizes=\"(max-width: 770px) 100vw, 770px\" data-id=\"12431\" src=\"data:image\/svg+xml;base64,PHN2ZyB3aWR0aD0iMSIgaGVpZ2h0PSIxIiB4bWxucz0iaHR0cDovL3d3dy53My5vcmcvMjAwMC9zdmciPjwvc3ZnPg==\" style=\"--smush-placeholder-width: 770px; --smush-placeholder-aspect-ratio: 770\/500;\" \/><\/a><\/div>\t\t<\/div>\t\t\t\r\n\t\t<div class=\"cspt-content-wrapper\">\r\n\t\t\t<h3 class=\"cspt-portfolio-title\"><a href=\"https:\/\/fumless.com\/ca\/portfolio\/mejora-eficiencia-2\/\">Mejora de la eficiencia energ\u00e9tica, reducci\u00f3n de emisiones y autogeneraci\u00f3n de energ\u00eda solar del t\u00fanel de Mollet a la C-17<\/a><\/h3>\t\r\n\t\t\t\t\t\t\t<div class=\"cspt-short-description\">\r\n\t\t\t\t\t<p>Misi\u00f3n del proyecto mejorar la eficiencia energ\u00e9tica mediante la sustituci\u00f3n del sistema de iluminaci\u00f3n por tecnolog\u00eda LED, y fomentar el autoconsumo energ\u00e9tico a trav\u00e9s de una instalaci\u00f3n fotovoltaica conectada a la red interior con compensaci\u00f3n de excedentes. Retos del proyecto Optimizar el dise\u00f1o del campo fotovoltaico ante la limitada disponibilidad de superficie.<\/p>\n\t\t\t\t<\/div>\r\n\t\t\t\t\t\t\t\t\t\t\r\n\t\t\t<div class=\"vc_btn3-container vc_btn3-inline\">\r\n\t\t\t\t<a class=\"vc_general vc_btn3 vc_btn3-size-md vc_btn3-shape-rounded vc_btn3-style-modern vc_btn3-color-globalcolor\" href=\"https:\/\/fumless.com\/ca\/portfolio\/mejora-eficiencia-2\/\" title=\"Mejora de la eficiencia energ\u00e9tica, reducci\u00f3n de emisiones y autogeneraci\u00f3n de energ\u00eda solar del t\u00fanel de Mollet a la C-17\"><span>Read More<\/span><\/a>\r\n\t\t\t<\/div>\r\n\t\t<\/div>\r\n\t<\/div>\r\n<\/article><\/div><div class=\"cspt-ele cspt-portfolio-ele col-md-4 rehabilitacion-energetica cspt-term-43\"><article class=\"creativesplanet-ele creativesplanet-ele-portfolio cspt-portfolio-style-2 cspt-even\">\r\n\t<div class=\"creativesplanet-post-item\">\t\t\t\t\r\n\t\t<div class=\"cspt-image-wrapper\">\r\n\t\t\t<div class=\"cspt-featured-wrapper\"><a href=\"https:\/\/fumless.com\/ca\/portfolio\/redaccion-del-proyecto-de-rehabilitacion-energetica-de-varios-edificios-residenciales-en-el-barrio-de-bellvitge\/\"><img decoding=\"async\" width=\"770\" height=\"500\" data-src=\"https:\/\/fumless.com\/wp-content\/uploads\/2024\/03\/Bellvitge-770x500.jpg\" class=\"attachment-cspt-img-770x500 size-cspt-img-770x500 wp-post-image lazyload\" alt=\"\" data-id=\"11997\" src=\"data:image\/svg+xml;base64,PHN2ZyB3aWR0aD0iMSIgaGVpZ2h0PSIxIiB4bWxucz0iaHR0cDovL3d3dy53My5vcmcvMjAwMC9zdmciPjwvc3ZnPg==\" style=\"--smush-placeholder-width: 770px; --smush-placeholder-aspect-ratio: 770\/500;\" \/><\/a><\/div>\t\t<\/div>\t\t\t\r\n\t\t<div class=\"cspt-content-wrapper\">\r\n\t\t\t<h3 class=\"cspt-portfolio-title\"><a href=\"https:\/\/fumless.com\/ca\/portfolio\/redaccion-del-proyecto-de-rehabilitacion-energetica-de-varios-edificios-residenciales-en-el-barrio-de-bellvitge\/\">Redacci\u00f3n del proyecto de rehabilitaci\u00f3n energ\u00e9tica de varios edificios residenciales en el barrio de Bellvitge.<\/a><\/h3>\t\r\n\t\t\t\t\t\t\t<div class=\"cspt-short-description\">\r\n\t\t\t\t\t<p>Redacci\u00f3n de proyectos de rehabilitaci\u00f3n energ\u00e9tica para m\u00e1s de diez comunidades de vecinos. Nuestro objetivo es ayudar a estas comunidades a mejorar la eficiencia energ\u00e9tica y la calidad de vida de sus residentes, al tiempo que aprovechan las oportunidades de financiaci\u00f3n disponibles a trav\u00e9s de las subvenciones Next Generation.<\/p>\n\t\t\t\t<\/div>\r\n\t\t\t\t\t\t\t\t\t\t\r\n\t\t\t<div class=\"vc_btn3-container vc_btn3-inline\">\r\n\t\t\t\t<a class=\"vc_general vc_btn3 vc_btn3-size-md vc_btn3-shape-rounded vc_btn3-style-modern vc_btn3-color-globalcolor\" href=\"https:\/\/fumless.com\/ca\/portfolio\/redaccion-del-proyecto-de-rehabilitacion-energetica-de-varios-edificios-residenciales-en-el-barrio-de-bellvitge\/\" title=\"Redacci\u00f3n del proyecto de rehabilitaci\u00f3n energ\u00e9tica de varios edificios residenciales en el barrio de Bellvitge.\"><span>Read More<\/span><\/a>\r\n\t\t\t<\/div>\r\n\t\t<\/div>\r\n\t<\/div>\r\n<\/article><\/div>\r\n\t\t\t<\/div>\r\n\r\n\t\t\t\r\n\t\t\r\n\t\t<\/div><!-- .creativesplanet-element-inner -->   <\/div><!-- .creativesplanet-element -->  \r\n\t    \t\t\t\t<\/div>\n\t\t\t\t<\/div>\n\t\t\t\t\t<\/div>\n\t\t<\/div>\n\t\t\t\t\t<\/div>\n\t\t<\/section>\n\t\t\t\t<\/div>\n\t\t","protected":false},"excerpt":{"rendered":"<p>FUMLESS Nuestros proyectos destacados Autogeneraci\u00f3n solar en el t\u00fanel C-17 de Montcada i Reixac Mejorar de la eficiencia energ\u00e9tica, reducci\u00f3n de las emisiones y la autogeneraci\u00f3n de energ\u00eda solar en el T\u00fanel de Moncada a la C-17 en Montcada i Reixac. Leer M\u00e1s Implementaci\u00f3n de sistemas de monitorizaci\u00f3n del consumo energ\u00e9tico en obra Estamos trabajando en un proyecto emocionante y vanguardista que busca mejorar la eficiencia energ\u00e9tica, reducir las emisiones[&hellip;]<\/p>\n","protected":false},"author":3,"featured_media":0,"parent":0,"menu_order":19,"comment_status":"closed","ping_status":"closed","template":"","meta":{"_acf_changed":false,"inline_featured_image":false,"footnotes":""},"class_list":["post-11098","page","type-page","status-publish","hentry"],"acf":[],"_links":{"self":[{"href":"https:\/\/fumless.com\/ca\/wp-json\/wp\/v2\/pages\/11098","targetHints":{"allow":["GET"]}}],"collection":[{"href":"https:\/\/fumless.com\/ca\/wp-json\/wp\/v2\/pages"}],"about":[{"href":"https:\/\/fumless.com\/ca\/wp-json\/wp\/v2\/types\/page"}],"author":[{"embeddable":true,"href":"https:\/\/fumless.com\/ca\/wp-json\/wp\/v2\/users\/3"}],"replies":[{"embeddable":true,"href":"https:\/\/fumless.com\/ca\/wp-json\/wp\/v2\/comments?post=11098"}],"version-history":[{"count":12,"href":"https:\/\/fumless.com\/ca\/wp-json\/wp\/v2\/pages\/11098\/revisions"}],"predecessor-version":[{"id":12287,"href":"https:\/\/fumless.com\/ca\/wp-json\/wp\/v2\/pages\/11098\/revisions\/12287"}],"wp:attachment":[{"href":"https:\/\/fumless.com\/ca\/wp-json\/wp\/v2\/media?parent=11098"}],"curies":[{"name":"wp","href":"https:\/\/api.w.org\/{rel}","templated":true}]}}