{"id":11701,"date":"2024-07-04T11:37:46","date_gmt":"2024-07-04T11:37:46","guid":{"rendered":"https:\/\/fumeless.creatic.cat\/certificacion-ambiental-copy\/"},"modified":"2025-12-12T09:02:07","modified_gmt":"2025-12-12T09:02:07","slug":"redaccion-de-proyectos","status":"publish","type":"page","link":"https:\/\/fumless.com\/ca\/energias-renovables\/servicios-ingenieria\/redaccion-de-proyectos\/","title":{"rendered":"Redacci\u00f3 de projectes i direcci\u00f3 d\u2019obra"},"content":{"rendered":"<div data-elementor-type=\"wp-page\" data-elementor-id=\"11701\" class=\"elementor elementor-11701\">\n\t\t\t\t\t\t<section class=\"elementor-section elementor-top-section elementor-element elementor-element-58ecd6ac cspt-bg-color-yes cspt-elementor-bg-color-white elementor-section-content-middle cspt-col-stretched-left cspt-bg-color-over-image elementor-section-boxed elementor-section-height-default elementor-section-height-default\" data-id=\"58ecd6ac\" data-element_type=\"section\" data-e-type=\"section\" data-settings=\"{&quot;background_background&quot;:&quot;classic&quot;}\">\n\t\t\t\t\t\t<div class=\"elementor-container elementor-column-gap-default\">\n\t\t\t\t\t<div class=\"elementor-column elementor-col-50 elementor-top-column elementor-element elementor-element-1ccc6434 cspt-bg-image-over-color elementor-hidden-mobile\" data-id=\"1ccc6434\" data-element_type=\"column\" data-e-type=\"column\" data-settings=\"{&quot;background_background&quot;:&quot;classic&quot;}\">\n\t\t\t<div class=\"elementor-widget-wrap elementor-element-populated\">\n\t\t\t\t\t\t<div class=\"elementor-element elementor-element-48d6a6d3 elementor-widget elementor-widget-image\" data-id=\"48d6a6d3\" data-element_type=\"widget\" data-e-type=\"widget\" data-widget_type=\"image.default\">\n\t\t\t\t<div class=\"elementor-widget-container\">\n\t\t\t\t\t\t\t\t\t\t\t\t\t\t\t<img decoding=\"async\" data-src=\"https:\/\/fumless.com\/wp-content\/uploads\/elementor\/thumbs\/asistencias1-qqm2z8xhwhymky6crx533fvdtj8z2em8doi3r37d8g.webp\" title=\"asistencias1\" alt=\"asistencias1\" src=\"data:image\/svg+xml;base64,PHN2ZyB3aWR0aD0iMSIgaGVpZ2h0PSIxIiB4bWxucz0iaHR0cDovL3d3dy53My5vcmcvMjAwMC9zdmciPjwvc3ZnPg==\" class=\"lazyload\" style=\"--smush-placeholder-width: 460px; --smush-placeholder-aspect-ratio: 460\/480;\" \/>\t\t\t\t\t\t\t\t\t\t\t\t\t\t\t<\/div>\n\t\t\t\t<\/div>\n\t\t\t\t<div class=\"elementor-element elementor-element-13466b28 cspt-btn-color-globalcolor cspt-btn-style-flat cspt-btn-shape-square elementor-widget elementor-widget-button\" data-id=\"13466b28\" data-element_type=\"widget\" data-e-type=\"widget\" data-widget_type=\"button.default\">\n\t\t\t\t<div class=\"elementor-widget-container\">\n\t\t\t\t\t\t\t\t\t<div class=\"elementor-button-wrapper\">\n\t\t\t\t\t<a class=\"elementor-button elementor-button-link elementor-size-md\" href=\"https:\/\/fumless.com\/ca\/nosotros\/\">\n\t\t\t\t\t\t<span class=\"elementor-button-content-wrapper\">\n\t\t\t\t\t\t<span class=\"elementor-button-icon\">\n\t\t\t\t<svg aria-hidden=\"true\" class=\"e-font-icon-svg e-fas-chevron-right\" viewbox=\"0 0 320 512\" xmlns=\"http:\/\/www.w3.org\/2000\/svg\"><path d=\"M285.476 272.971L91.132 467.314c-9.373 9.373-24.569 9.373-33.941 0l-22.667-22.667c-9.357-9.357-9.375-24.522-.04-33.901L188.505 256 34.484 101.255c-9.335-9.379-9.317-24.544.04-33.901l22.667-22.667c9.373-9.373 24.569-9.373 33.941 0L285.475 239.03c9.373 9.372 9.373 24.568.001 33.941z\"><\/path><\/svg>\t\t\t<\/span>\n\t\t\t\t\t\t\t\t\t<span class=\"elementor-button-text\">M\u00c9S SOBRE FUMLESS<\/span>\n\t\t\t\t\t<\/span>\n\t\t\t\t\t<\/a>\n\t\t\t\t<\/div>\n\t\t\t\t\t\t\t\t<\/div>\n\t\t\t\t<\/div>\n\t\t\t\t<div class=\"elementor-element elementor-element-517eb055 elementor-widget__width-auto elementor-absolute elementor-widget elementor-widget-image\" data-id=\"517eb055\" data-element_type=\"widget\" data-e-type=\"widget\" data-settings=\"{&quot;_position&quot;:&quot;absolute&quot;}\" data-widget_type=\"image.default\">\n\t\t\t\t<div class=\"elementor-widget-container\">\n\t\t\t\t\t\t\t\t\t\t\t\t\t\t\t<img decoding=\"async\" data-src=\"https:\/\/fumless.com\/wp-content\/uploads\/elementor\/thumbs\/asistencias2-qqm2z9vavh7ldvg42qf199yhgcljviwhcpnzhjzqu8.webp\" title=\"asistencias2\" alt=\"asistencias2\" src=\"data:image\/svg+xml;base64,PHN2ZyB3aWR0aD0iMSIgaGVpZ2h0PSIxIiB4bWxucz0iaHR0cDovL3d3dy53My5vcmcvMjAwMC9zdmciPjwvc3ZnPg==\" class=\"lazyload\" style=\"--smush-placeholder-width: 360px; --smush-placeholder-aspect-ratio: 360\/400;\" \/>\t\t\t\t\t\t\t\t\t\t\t\t\t\t\t<\/div>\n\t\t\t\t<\/div>\n\t\t\t\t\t<\/div>\n\t\t<\/div>\n\t\t\t\t<div class=\"elementor-column elementor-col-50 elementor-top-column elementor-element elementor-element-3175500d cspt-bg-color-over-image\" data-id=\"3175500d\" data-element_type=\"column\" data-e-type=\"column\">\n\t\t\t<div class=\"elementor-widget-wrap elementor-element-populated\">\n\t\t\t\t\t\t<div class=\"elementor-element elementor-element-c36b051 cspt-align-left elementor-widget elementor-widget-cspt_heading\" data-id=\"c36b051\" data-element_type=\"widget\" data-e-type=\"widget\" data-widget_type=\"cspt_heading.default\">\n\t\t\t\t<div class=\"elementor-widget-container\">\n\t\t\t\t\t\t<div class=\"cspt-heading-subheading left-align cspt-reverse-heading-yes\"><div class=\"cspt-element-subtitle\">\r\n\t\t\t\r\n\t\t\t\tASSIST\u00c8NCIES T\u00c8CNIQUES\r\n\t\t\t\r\n\t\t\t<\/div>\r\n\t\t<h1 class=\"cspt-element-title\">\r\n\t\t\t\r\n\t\t\t\tRedacci\u00f3 de projectes i direcci\u00f3 d\u2019obra\r\n\t\t\t\r\n\t\t\t<\/h1>\r\n\t\t<div class=\"cspt-heading-desc\">Abastem la redacci\u00f3 de projectes, assist\u00e8ncies t\u00e8cniques i direcci\u00f3 d'obra. El nostre comprom\u00eds \u00e9s assegurar resultats d'alta qualitat dels vostres projectes i el compliment dels vostres objectius.<\/div><\/div>\t\t\t\t<\/div>\n\t\t\t\t<\/div>\n\t\t\t\t\t<\/div>\n\t\t<\/div>\n\t\t\t\t\t<\/div>\n\t\t<\/section>\n\t\t\t\t<section class=\"elementor-section elementor-top-section elementor-element elementor-element-1045de1c cspt-bg-color-yes cspt-elementor-bg-color-light elementor-section-stretched cspt-col-stretched-none cspt-bg-color-over-image elementor-section-boxed elementor-section-height-default elementor-section-height-default\" data-id=\"1045de1c\" data-element_type=\"section\" data-e-type=\"section\" data-settings=\"{&quot;stretch_section&quot;:&quot;section-stretched&quot;}\">\n\t\t\t\t\t\t<div class=\"elementor-container elementor-column-gap-default\">\n\t\t\t\t\t<div class=\"elementor-column elementor-col-50 elementor-top-column elementor-element elementor-element-47196e9 cspt-bg-color-over-image\" data-id=\"47196e9\" data-element_type=\"column\" data-e-type=\"column\">\n\t\t\t<div class=\"elementor-widget-wrap elementor-element-populated\">\n\t\t\t\t\t\t<div class=\"elementor-element elementor-element-3898a924 cspt-align-left elementor-widget elementor-widget-cspt_heading\" data-id=\"3898a924\" data-element_type=\"widget\" data-e-type=\"widget\" data-widget_type=\"cspt_heading.default\">\n\t\t\t\t<div class=\"elementor-widget-container\">\n\t\t\t\t\t\t<div class=\"cspt-heading-subheading left-align cspt-reverse-heading-yes\"><div class=\"cspt-element-subtitle\">\r\n\t\t\t\r\n\t\t\t\tREDACCI\u00d3 DE PROJECTES\r\n\t\t\t\r\n\t\t\t<\/div>\r\n\t\t<h2 class=\"cspt-element-title\">\r\n\t\t\t\r\n\t\t\t\tRedacci\u00f3 de projectes: Transformant idees en realitat\r\n\t\t\t\r\n\t\t\t<\/h2>\r\n\t\t<\/div>\t\t\t\t<\/div>\n\t\t\t\t<\/div>\n\t\t\t\t<div class=\"elementor-element elementor-element-70d4dc94 elementor-widget elementor-widget-image\" data-id=\"70d4dc94\" data-element_type=\"widget\" data-e-type=\"widget\" data-widget_type=\"image.default\">\n\t\t\t\t<div class=\"elementor-widget-container\">\n\t\t\t\t\t\t\t\t\t\t\t\t\t\t\t<img fetchpriority=\"high\" decoding=\"async\" width=\"530\" height=\"442\" src=\"https:\/\/fumless.com\/wp-content\/uploads\/2024\/07\/redacciones.webp\" class=\"attachment-large size-large wp-image-11700\" alt=\"\" srcset=\"https:\/\/fumless.com\/wp-content\/uploads\/2024\/07\/redacciones.webp 530w, https:\/\/fumless.com\/wp-content\/uploads\/2024\/07\/redacciones-300x250.webp 300w\" sizes=\"(max-width: 530px) 100vw, 530px\" data-id=\"11700\" \/>\t\t\t\t\t\t\t\t\t\t\t\t\t\t\t<\/div>\n\t\t\t\t<\/div>\n\t\t\t\t<div class=\"elementor-element elementor-element-6d13315d elementor-widget elementor-widget-cspt_icon_heading\" data-id=\"6d13315d\" data-element_type=\"widget\" data-e-type=\"widget\" data-widget_type=\"cspt_icon_heading.default\">\n\t\t\t\t<div class=\"elementor-widget-container\">\n\t\t\t\t\t<div  class=\"cspt-ihbox cspt-ihbox-style-5\" >\r\n\t<div class=\"cspt-ihbox-contents\">\r\n\t\t<div class=\"cspt-ihbox-icon-heading align-middle\">\r\n\t\t\t<div class=\"cspt-ihbox-icon\"><div class=\"cspt-ihbox-icon-wrapper\"><\/div><\/div>\t\t\t<h3 class=\"cspt-element-title\">\r\n\t\t\t\t\t\r\n\t\t\t\t\t\tRedacci\u00f3 de projectes: Transformant idees en realitat\r\n\t\t\t\t\t\r\n\t\t\t\t\t<\/h3>\r\n\t\t\t\t\t\t<\/div>\r\n\t\t\t\t<div class=\"cspt-heading-desc\">El nostre equip de professionals s'encarrega de convertir les teves idees en realitat. Utilitzem les \u00faltimes eines i tecnologies per a garantir que cada aspecte del teu projecte estigui acuradament documentat i llest per a ser executat.<\/div>\t\t\t<\/div><!-- .cspt-ihbox-contents -->\r\n<\/div>\t\t\t\t<\/div>\n\t\t\t\t<\/div>\n\t\t\t\t\t<\/div>\n\t\t<\/div>\n\t\t\t\t<div class=\"elementor-column elementor-col-50 elementor-top-column elementor-element elementor-element-2030ba32 cspt-bg-color-over-image\" data-id=\"2030ba32\" data-element_type=\"column\" data-e-type=\"column\">\n\t\t\t<div class=\"elementor-widget-wrap elementor-element-populated\">\n\t\t\t\t\t\t<div class=\"elementor-element elementor-element-4ab08773 elementor-widget elementor-widget-image\" data-id=\"4ab08773\" data-element_type=\"widget\" data-e-type=\"widget\" data-widget_type=\"image.default\">\n\t\t\t\t<div class=\"elementor-widget-container\">\n\t\t\t\t\t\t\t\t\t\t\t\t\t\t\t<img decoding=\"async\" width=\"530\" height=\"442\" data-src=\"https:\/\/fumless.com\/wp-content\/uploads\/2024\/07\/direccion-obras-1.webp\" class=\"attachment-full size-full wp-image-11699 lazyload\" alt=\"Prmitting ambiental\" data-srcset=\"https:\/\/fumless.com\/wp-content\/uploads\/2024\/07\/direccion-obras-1.webp 530w, https:\/\/fumless.com\/wp-content\/uploads\/2024\/07\/direccion-obras-1-300x250.webp 300w\" data-sizes=\"(max-width: 530px) 100vw, 530px\" data-id=\"11699\" src=\"data:image\/svg+xml;base64,PHN2ZyB3aWR0aD0iMSIgaGVpZ2h0PSIxIiB4bWxucz0iaHR0cDovL3d3dy53My5vcmcvMjAwMC9zdmciPjwvc3ZnPg==\" style=\"--smush-placeholder-width: 530px; --smush-placeholder-aspect-ratio: 530\/442;\" \/>\t\t\t\t\t\t\t\t\t\t\t\t\t\t\t<\/div>\n\t\t\t\t<\/div>\n\t\t\t\t<div class=\"elementor-element elementor-element-71e682f elementor-widget elementor-widget-cspt_icon_heading\" data-id=\"71e682f\" data-element_type=\"widget\" data-e-type=\"widget\" data-widget_type=\"cspt_icon_heading.default\">\n\t\t\t\t<div class=\"elementor-widget-container\">\n\t\t\t\t\t<div  class=\"cspt-ihbox cspt-ihbox-style-5\" >\r\n\t<div class=\"cspt-ihbox-contents\">\r\n\t\t<div class=\"cspt-ihbox-icon-heading align-middle\">\r\n\t\t\t<div class=\"cspt-ihbox-icon\"><div class=\"cspt-ihbox-icon-wrapper\"><\/div><\/div>\t\t\t<h3 class=\"cspt-element-title\">\r\n\t\t\t\t\t\r\n\t\t\t\t\t\tDirecci\u00f3 d'obra\r\n\t\t\t\t\t\r\n\t\t\t\t\t<\/h3>\r\n\t\t\t\t\t\t<\/div>\r\n\t\t\t\t<div class=\"cspt-heading-desc\">La direcci\u00f3 d'obra garanteix que el teu projecte es completi segons all\u00f2 previst i dins del pressupost. A <strong><i>Fumless<\/i><\/strong>, els nostres directors dobra supervisen cada aspecte de la construcci\u00f3, des de la coordinaci\u00f3 dels equips fins al control de la qualitat i el compliment dels terminis.<\/div>\t\t\t<\/div><!-- .cspt-ihbox-contents -->\r\n<\/div>\t\t\t\t<\/div>\n\t\t\t\t<\/div>\n\t\t\t\t\t<\/div>\n\t\t<\/div>\n\t\t\t\t\t<\/div>\n\t\t<\/section>\n\t\t\t\t<\/div>","protected":false},"excerpt":{"rendered":"<p>M\u00c1S SOBRE FUMLESS Asistencias T\u00e9cnicas Redacci\u00f3n de proyectos y direcci\u00f3n de obra Abarcamos la redacci\u00f3n de proyectos, asistencias t\u00e9cnicas y direcci\u00f3n de obra. Nuestro compromiso es asegurar resultados de alta calidad de tus proyectos y el cumplimiento de tus objetivos. Redacciones de proyectos Redacciones de proyectos: Transformando ideas en realidad Redacciones de proyectos: Transformando ideas en realidad Nuestro equipo de profesionales se encarga de convertir tus ideas en realidad. Utilizamos[&hellip;]<\/p>\n","protected":false},"author":3,"featured_media":0,"parent":12745,"menu_order":18,"comment_status":"closed","ping_status":"closed","template":"","meta":{"_acf_changed":false,"inline_featured_image":false,"footnotes":""},"class_list":["post-11701","page","type-page","status-publish","hentry"],"acf":[],"_links":{"self":[{"href":"https:\/\/fumless.com\/ca\/wp-json\/wp\/v2\/pages\/11701","targetHints":{"allow":["GET"]}}],"collection":[{"href":"https:\/\/fumless.com\/ca\/wp-json\/wp\/v2\/pages"}],"about":[{"href":"https:\/\/fumless.com\/ca\/wp-json\/wp\/v2\/types\/page"}],"author":[{"embeddable":true,"href":"https:\/\/fumless.com\/ca\/wp-json\/wp\/v2\/users\/3"}],"replies":[{"embeddable":true,"href":"https:\/\/fumless.com\/ca\/wp-json\/wp\/v2\/comments?post=11701"}],"version-history":[{"count":23,"href":"https:\/\/fumless.com\/ca\/wp-json\/wp\/v2\/pages\/11701\/revisions"}],"predecessor-version":[{"id":12811,"href":"https:\/\/fumless.com\/ca\/wp-json\/wp\/v2\/pages\/11701\/revisions\/12811"}],"up":[{"embeddable":true,"href":"https:\/\/fumless.com\/ca\/wp-json\/wp\/v2\/pages\/12745"}],"wp:attachment":[{"href":"https:\/\/fumless.com\/ca\/wp-json\/wp\/v2\/media?parent=11701"}],"curies":[{"name":"wp","href":"https:\/\/api.w.org\/{rel}","templated":true}]}}