{"id":12058,"date":"2024-10-17T10:09:41","date_gmt":"2024-10-17T10:09:41","guid":{"rendered":"https:\/\/fumeless.creatic.cat\/aviso-legal-copy\/"},"modified":"2024-12-23T09:18:33","modified_gmt":"2024-12-23T09:18:33","slug":"politica-cookies","status":"publish","type":"page","link":"https:\/\/fumless.com\/ca\/politica-cookies\/","title":{"rendered":"Politica de Cookies"},"content":{"rendered":"<div data-elementor-type=\"wp-page\" data-elementor-id=\"12058\" class=\"elementor elementor-12058\">\n\t\t\t\t\t\t<section class=\"elementor-section elementor-top-section elementor-element elementor-element-33c905fc cspt-col-stretched-none cspt-bg-color-over-image elementor-section-boxed elementor-section-height-default elementor-section-height-default\" data-id=\"33c905fc\" data-element_type=\"section\" data-e-type=\"section\">\n\t\t\t\t\t\t<div class=\"elementor-container elementor-column-gap-default\">\n\t\t\t\t\t<div class=\"elementor-column elementor-col-100 elementor-top-column elementor-element elementor-element-4411f83b cspt-bg-color-over-image\" data-id=\"4411f83b\" data-element_type=\"column\" data-e-type=\"column\">\n\t\t\t<div class=\"elementor-widget-wrap elementor-element-populated\">\n\t\t\t\t\t\t<div class=\"elementor-element elementor-element-41a02a3a elementor-widget elementor-widget-text-editor\" data-id=\"41a02a3a\" data-element_type=\"widget\" data-e-type=\"widget\" data-widget_type=\"text-editor.default\">\n\t\t\t\t<div class=\"elementor-widget-container\">\n\t\t\t\t\t\t\t\t\t<p>Barcelona enero de 2024<\/p><h1>Politica de Cookies<\/h1><p><strong>FUMLESS IDEAS, S.L. (en adelante, FUMLESS)\u00a0ha desarrollado esta pol\u00edtica para informarte de qu\u00e9 es una cookie, cu\u00e1les usamos en esta web y ayudarte a poder gestionarlas seg\u00fan sea de tu inter\u00e9s.<\/strong><\/p><p>Con tu primera visita a nuestra web est\u00e1s siendo informado de la existencia de cookies tanto propias como de terceros y de la presente pol\u00edtica de cookies.\u00a0Asimismo, podr\u00e1s configurar las cookies que desees instalar, entre diferentes categor\u00edas.\u00a0 Podr\u00e1s\u00a0consultar nuestra pol\u00edtica en cualquier momento en la parte inferior de la web\u00a0<a href=\"https:\/\/fumless.com\/ca\/politica-de-cookies\/?page_id=1828\">a trav\u00e9s del enlace \u00abPol\u00edtica de Cookies\u00bb<\/a>.<\/p><p>Mediante la configuraci\u00f3n de las Cookies, o la aceptaci\u00f3n del aviso de Cookies,\u00a0est\u00e1s consintiendo la instalaci\u00f3n de las cookies\u00a0informadas\u00a0o configuradas\u00a0(salvo que hayas modificado la configuraci\u00f3n de tu navegador para rechazar\u00a0todas o determinadas\u00a0cookies\u00a0por defecto).<\/p><p>\u00a0<\/p><ol><li><strong>\u00bfQU\u00c9 ES UNA COOKIE? INFORMACI\u00d3N GENERAL SOBRE LAS COOKIES:\u00a0<\/strong><\/li><\/ol><p>Una \u00abCookie\u00bb es un peque\u00f1o archivo de texto que un sitio web almacena en el navegador del usuario. Las cookies facilitan el uso y la navegaci\u00f3n por una p\u00e1gina web y son esenciales para el funcionamiento de internet, aportando innumerables ventajas en la prestaci\u00f3n de servicios interactivos.<\/p><p>Las cookies se utilizan por ejemplo para gestionar la sesi\u00f3n del usuario (reduciendo el n\u00famero de veces que tiene que incluir su contrase\u00f1a) o para adecuar los contenidos de una p\u00e1gina web a sus preferencias y por lo tanto mejorando la experiencia de uso de la p\u00e1gina web.<\/p><p>Las cookies pueden ser de \u00absesi\u00f3n\u00bb, por lo que se borrar\u00e1n una vez el usuario abandone la p\u00e1gina web que las gener\u00f3 o \u00abpersistentes\u00bb y que por lo tanto permanezcan en su ordenador hasta una fecha determinada.<\/p><p>Asimismo, las cookies pueden ser \u201cpropias\u201d o de \u201cterceros\u201d. Las primeras son aquellas que se env\u00edan al ordenador del usuario desde un equipo o dominio gestionado por FUMLESS, mientras que las cookies de \u201cterceros\u201d son aquellas que se env\u00edan al ordenador del usuario desde un equipo o dominio gestionado por los proveedores de servicios contratados por FUMLESS (por ejemplo, el servicio de anal\u00edtica web, que es ofrecido por Google).<\/p><p>Puede encontrar m\u00e1s informaci\u00f3n sobre cookies en\u00a0<a href=\"http:\/\/www.allaboutcookies.org\/es\" target=\"_blank\" rel=\"noopener\">www.allaboutcookies.org\/es<\/a>.<\/p><p>\u00a0<\/p><ol start=\"2\"><li><strong>\u00bfQU\u00c9 COOKIES USAMOS EN NUESTRA WEB?<\/strong><\/li><\/ol><ol><li><strong>Cookies necesarias:<\/strong><\/li><\/ol><ul><li><strong>Cookies t\u00e9cnicas\u00a0<\/strong><\/li><\/ul><p>Esta web utiliza cookies de uso interno imprescindibles para el funcionamiento de la web, como por ejemplo aquellas que permiten la autenticaci\u00f3n o el mantenimiento de la sesi\u00f3n del usuario registrado cuando navega por la p\u00e1gina. La desactivaci\u00f3n de estas cookies impide el funcionamiento correcto de algunas de las funcionalidades de la web.<\/p><p>\u00a0<\/p><p>Las cookies utilizadas para\u00a0obtener esta informaci\u00f3n son las siguientes:<\/p><table width=\"672\"><tbody><tr><td><strong>SERVICIO<\/strong><\/td><td><strong>PROVEEDOR<\/strong><\/td><td><strong>MAS INFORMACI\u00d3N<\/strong><\/td><\/tr><tr><td>Complianz<\/td><td>Fumless<\/td><td>Complianz establece esta cookie para recordar las preferencias de consentimiento de los usuarios, de modo que se respeten sus preferencias en las siguientes visitas a este sitio. No recoge ni almacenas ninguna informaci\u00f3n personal sobre los visitantes del sitio.<\/td><\/tr><tr><td>Google Analytics<\/td><td>Fumless<\/td><td>Plugin que recoge datos para poder medir en la web distintas m\u00e9tricas del comportamiento de los usuarios.<\/td><\/tr><tr><td>Elementor<\/td><td>Fumless<\/td><td>El tema de WordPress del sitio web establece esta cookie. Permite al propietario del sitio web implementar o cambiar el contenido del sitio web en tiempo real.<\/td><\/tr><tr><td>Slider Revolution<\/td><td>Fumless<\/td><td>El plugin de WordPress del sitio web establece esta cookie. Permite al propietario del sitio web implementar o cambiar el contenido del sitio web en tiempo real.<\/td><\/tr><\/tbody><\/table><p>\u00a0<\/p><ol start=\"3\"><li><strong>\u00bfC\u00d3MO PUEDO PERSONALIZAR MIS PREFERENCIAS DE COOKIES?<\/strong><\/li><\/ol><p>En cualquier momento\u00a0el usuario tiene la posibilidad de aceptar o rechazar la instalaci\u00f3n de cookies, o bien rechazar la instalaci\u00f3n de un determinado tipo de cookies, como las cookies de publicidad y de terceros a trav\u00e9s del gestor de Cookies habilitado al efecto o modificando las preferencias de su navegador web. Adem\u00e1s, despu\u00e9s de cada sesi\u00f3n puede eliminar todas o algunas de las cookies almacenadas.<\/p><p>Asimismo, el usuario puede activar:<\/p><ul><li>la navegaci\u00f3n privada, mediante la cual su navegador deja de guardar el historial de navegaci\u00f3n, contrase\u00f1as de sitios web, cookies y otra informaci\u00f3n de las p\u00e1ginas que visita, o<\/li><li>la funci\u00f3n de no rastrear, por la que el navegador pide a los sitios web que visita que no rastreen\u00a0sus h\u00e1bitos de navegaci\u00f3n, para por ejemplo, servirle publicidad de su inter\u00e9s en los sitios que visita.<\/li><\/ul><p>Le recomendamos que consulte la ayuda de su navegador para informarse de las diferentes opciones sobre c\u00f3mo gestionar las cookies. Tenga en cuenta que el bloqueo de cookies puede afectar a todas o algunas de las funcionalidades de nuestra web.\u00a0Para su comodidad, a continuaci\u00f3n, le proporcionamos los links de ayuda o configuraci\u00f3n de cookies de los navegadores principales:<\/p><p>\u00a0<\/p><table width=\"671\"><tbody><tr><td><strong>NAVEGADOR<\/strong><\/td><td><strong>LINK DE ACCESO<\/strong><\/td><\/tr><tr><td>Microsoft Internet Explorer 11<\/td><td><a href=\"http:\/\/windows.microsoft.com\/es-es\/internet-explorer\/delete-manage-cookies#ie=ie-11\" target=\"_blank\" rel=\"noopener\">http:\/\/windows.microsoft.com\/es-es\/internet-explorer\/delete-manage-cookies#ie=ie-11<\/a><\/td><\/tr><tr><td>Microsoft\u00a0Edge<\/td><td><a href=\"http:\/\/windows.microsoft.com\/es-xl\/windows-10\/edge-privacy-faq\" target=\"_blank\" rel=\"noopener\">http:\/\/windows.microsoft.com\/es-xl\/windows-10\/edge-privacy-faq<\/a><\/td><\/tr><tr><td>Microsoft Internet Explorer<\/td><td><a href=\"http:\/\/windows.microsoft.com\/es-es\/internet-explorer\/delete-manage-cookies#ie=ie-11\" target=\"_blank\" rel=\"noopener\">http:\/\/windows.microsoft.com\/es-es\/internet-explorer\/delete-manage-cookies#ie=ie-11<\/a><\/td><\/tr><tr><td>Apple Safari<\/td><td><a href=\"https:\/\/support.apple.com\/es-es\/guide\/safari\/sfri11471\/mac\" target=\"_blank\" rel=\"noopener\">https:\/\/support.apple.com\/es-es\/guide\/safari\/sfri11471\/mac<\/a><\/td><\/tr><tr><td>Google Chrome<\/td><td><a href=\"https:\/\/support.google.com\/chrome\/answer\/95647?hl=es\" target=\"_blank\" rel=\"noopener\">https:\/\/support.google.com\/chrome\/answer\/95647?hl=es<\/a><\/td><\/tr><tr><td>Mozilla Firefox<\/td><td><a href=\"https:\/\/support.mozilla.org\/es\/kb\/habilitar-y-deshabilitar-cookies-que-los-sitios-we\" target=\"_blank\" rel=\"noopener\">https:\/\/support.mozilla.org\/es\/kb\/habilitar-y-deshabilitar-cookies-que-los-sitios-we<\/a><br \/><a href=\"https:\/\/support.mozilla.org\/es\/kb\/Borrar%20cookies\" target=\"_blank\" rel=\"noopener\">https:\/\/support.mozilla.org\/es\/kb\/Borrar cookies<\/a><\/td><\/tr><\/tbody><\/table><p>\u00a0<\/p><p>Los links anteriores pueden actualizarse por parte de las Empresas desarrolladoras de dichos navegadores.\u00a0FUMLESS pondr\u00e1 todos los esfuerzos razonables para mantener el listado anterior debidamente actualizado. Sin embargo, si alg\u00fan link no funcionara o no estuviera actualizado, puede acudir al men\u00fa \u201cAyuda\u201d de su navegador.<\/p><p>Si desea tener un mayor control sobre la instalaci\u00f3n de Cookies, puede instalar programas o complementos a su navegador, conocidos como herramientas de \u201cDo\u00a0Not\u00a0Track\u201d, que le permitir\u00e1n escoger aquellas Cookies que desea permitir.<\/p><p>Le recordamos que si acepta las cookies de terceros deber\u00e1 eliminarlas si as\u00ed lo desea a trav\u00e9s de las opciones de eliminaci\u00f3n de cookies establecidas en el apartado 3 de la presente Pol\u00edtica.<\/p><p>3.1-<strong>\u00a0\u00bfC\u00f3mo oponerse a la instalaci\u00f3n de Cookies\u00a0de\u00a0proveedores?<\/strong><\/p><p>Al visitar por primera vez nuestra p\u00e1gina web le ofreceremos la posibilidad de configurar qu\u00e9 Cookies desea instalar. Podr\u00e1 oponerse a la instalaci\u00f3n de cualquier categor\u00eda de Cookies, excepto a las t\u00e9cnicas, que son necesarias para el correcto funcionamiento de la p\u00e1gina web.<\/p><p>Asimismo, como se indica en el apartado anterior el Usuario puede, en cualquier momento, rechazar la instalaci\u00f3n de un determinado tipo de cookies, como las cookies de publicidad y de terceros, mediante la configuraci\u00f3n del propio navegador.<\/p><p>Si mediante la pantalla de configuraci\u00f3n inicial hubiera aceptado la instalaci\u00f3n de una categor\u00eda espec\u00edfica de Cookies y posteriormente quisiera oponerse a su instalaci\u00f3n o mantenimiento, deber\u00e1 eliminar las Cookies ya instaladas mediante la configuraci\u00f3n del navegador, y volver a configurar aquellas de las que permite su instalaci\u00f3n.<\/p><p>Asimismo, algunos de nuestros proveedores tienen un sistema directo para oponerse a la instalaci\u00f3n de sus\u00a0<em>Cookies.\u00a0<\/em>A continuaci\u00f3n, encontrar\u00e1 una relaci\u00f3n de proveedores y links (puede que alguno de ellos no est\u00e9 en castellano, aunque encontrar\u00e1 f\u00e1cilmente el bot\u00f3n de \u201copt-out\u201d para oponerse).<\/p><table width=\"1140\"><tbody><tr><td><strong>SERVICIO<\/strong><\/td><td><strong>OPT-OUT<\/strong><\/td><\/tr><tr><td>Google Analytics<\/td><td><a href=\"https:\/\/tools.google.com\/dlpage\/gaoptout?hl=es\" target=\"_blank\" rel=\"noopener\">https:\/\/tools.google.com\/dlpage\/gaoptout?hl=es<\/a><\/td><\/tr><tr><td>Google Ads<\/td><td><a href=\"https:\/\/adssettings.google.com\/anonymous?sig=ACi0TCiAGKE2JsljIVF-_ERtNBqotkWbhpFqAu3CBkC-onb21TSU6GatR7XYg5ny_h68H6ftRcKLE5OTvbH9WPfpVu4CFdZCbw&amp;hl=es\" target=\"_blank\" rel=\"noopener\">https:\/\/adssettings.google.com\/anonymous?sig=ACi0TCiAGKE2JsljIVF-_ERtNBqotkWbhpFqAu3CBkC-onb21TSU6GatR7XYg5ny_h68H6ftRcKLE5OTvbH9WPfpVu4CFdZCbw&amp;hl=es<\/a><\/td><\/tr><\/tbody><\/table><ol start=\"4\"><li><strong> \u00bfQU\u00c9 OTRA INFORMACI\u00d3N PODEMOS RECOGER DEL USUARIO?<\/strong><\/li><\/ol><p>Adem\u00e1s de la informaci\u00f3n recogida a trav\u00e9s de las Cookies, es posible que utilicemos otras tecnolog\u00edas similares como P\u00edxeles de seguimiento o web beacons. Dichos P\u00edxeles son peque\u00f1os ficheros gr\u00e1ficos que incluyen un c\u00f3digo gestionado a trav\u00e9s de la URL de un tercero y que permite que la informaci\u00f3n recabada sobre el uso de la web pueda ser utilizado para fines anal\u00edticos y publicitarios.<\/p><p>Los p\u00edxeles pueden: recoger informaci\u00f3n como el navegador utilizado, la direcci\u00f3n IP, la frecuencia de visita y el tiempo de la misma, as\u00ed como para rastrear las acciones que los usuarios realizan a trav\u00e9s del sitio web (compras a\u00f1adidas al carrito, productos comprados, o redirecciones a otras p\u00e1ginas web, apertura de newsletters, acciones que generan m\u00e1s visitas y compras, tipo de audiencia interesada, etc.).<\/p><p>Adem\u00e1s de la utilizaci\u00f3n de Pixeles de seguimiento o web beacons es posible que utilicemos otras t\u00e9cnicas de identificaci\u00f3n y seguimiento de los usuarios conocido como fingerprinting o huella digital y que permiten verificar ciertos par\u00e1metros t\u00e9cnicos del equipo utilizado por el usuario (como el navegador utilizado, sistema operativo, resoluci\u00f3n de la pantalla, los plugins y complementos instalados, tipo de letra, direcci\u00f3n IP, idioma, zona horaria, etc.) y que una vez combinadas permiten su singularizaci\u00f3n. Dicha informaci\u00f3n ser\u00e1 utilizada para hacer un seguimiento de la actividad realizada y la navegaci\u00f3n del usuario y realizar un perfilado del mismo.<\/p><p>\u00a0<\/p><ol start=\"5\"><li><strong> TRANSFERENCIAS INTERNACIONALES<\/strong><\/li><\/ol><p>Recuerda que el uso de Cookies puede implicar una transferencia de datos fuera del Espacio Econ\u00f3mico Europeo, hacia Estados Unidos, en virtud del art\u00edculo 45 del Reglamento Europeo de Protecci\u00f3n de Datos. Dicho pa\u00eds tercero cuenta con una decisi\u00f3n de adecuaci\u00f3n y los terceros relacionados se encuentran certificados por el nuevo marco de privacidad. Para m\u00e1s informaci\u00f3n, puedes consultar el siguiente enlace:\u00a0<a href=\"https:\/\/commission.europa.eu\/document\/fa09cbad-dd7d-4684-ae60-be03fcb0fddf_en\" target=\"_blank\" rel=\"noopener\">https:\/\/commission.europa.eu\/document\/fa09cbad-dd7d-4684-ae60-be03fcb0fddf_en<\/a><\/p><p>\u00a0<\/p><ol start=\"6\"><li><strong> M\u00c1S INFORMACI\u00d3N<\/strong><\/li><\/ol><p>Para m\u00e1s informaci\u00f3n acerca del tratamiento de sus datos realizado por parte de FUMLESS<strong>,<\/strong>\u00a0as\u00ed como para ejercer sus derechos acceda a nuestra\u00a0<u>Pol\u00edtica de Privacidad<\/u><\/p><p>\u00a0<\/p><ol start=\"7\"><li><strong> ACTUALIZACIONES Y CAMBIOS EN LA POL\u00cdTICA DE COOKIES<\/strong><\/li><\/ol><p>FUMLESS se reserva el derecho de modificar la presente Pol\u00edtica de Cookies en cualquier momento y sin previo aviso, ante las exigencias de la normativa o con la finalidad de mejorar la p\u00e1gina web.<\/p><p>A pesar de que podamos realizar esfuerzos para notificarte dichos cambios en caso de que realicemos cualquier cambio significativo, recomendamos la revisi\u00f3n de la Pol\u00edtica de Cookies al acceder a la web.<\/p><p>\u00a0<\/p>\t\t\t\t\t\t\t\t<\/div>\n\t\t\t\t<\/div>\n\t\t\t\t\t<\/div>\n\t\t<\/div>\n\t\t\t\t\t<\/div>\n\t\t<\/section>\n\t\t\t\t<\/div>","protected":false},"excerpt":{"rendered":"<p>Barcelona enero de 2024 Pol\u00edtica de Cookies FUMLESS IDEAS, S.L. (en adelante, FUMLESS)\u00a0ha desarrollado esta pol\u00edtica para informarte de qu\u00e9 es una cookie, cu\u00e1les usamos en esta web y ayudarte a poder gestionarlas seg\u00fan sea de tu inter\u00e9s. Con tu primera visita a nuestra web est\u00e1s siendo informado de la existencia de cookies tanto propias como de terceros y de la presente pol\u00edtica de cookies.\u00a0Asimismo, podr\u00e1s configurar las cookies que[&hellip;]<\/p>\n","protected":false},"author":3,"featured_media":0,"parent":0,"menu_order":0,"comment_status":"closed","ping_status":"closed","template":"","meta":{"_acf_changed":false,"inline_featured_image":false,"footnotes":""},"class_list":["post-12058","page","type-page","status-publish","hentry"],"acf":[],"_links":{"self":[{"href":"https:\/\/fumless.com\/ca\/wp-json\/wp\/v2\/pages\/12058","targetHints":{"allow":["GET"]}}],"collection":[{"href":"https:\/\/fumless.com\/ca\/wp-json\/wp\/v2\/pages"}],"about":[{"href":"https:\/\/fumless.com\/ca\/wp-json\/wp\/v2\/types\/page"}],"author":[{"embeddable":true,"href":"https:\/\/fumless.com\/ca\/wp-json\/wp\/v2\/users\/3"}],"replies":[{"embeddable":true,"href":"https:\/\/fumless.com\/ca\/wp-json\/wp\/v2\/comments?post=12058"}],"version-history":[{"count":5,"href":"https:\/\/fumless.com\/ca\/wp-json\/wp\/v2\/pages\/12058\/revisions"}],"predecessor-version":[{"id":12249,"href":"https:\/\/fumless.com\/ca\/wp-json\/wp\/v2\/pages\/12058\/revisions\/12249"}],"wp:attachment":[{"href":"https:\/\/fumless.com\/ca\/wp-json\/wp\/v2\/media?parent=12058"}],"curies":[{"name":"wp","href":"https:\/\/api.w.org\/{rel}","templated":true}]}}