{"id":3,"date":"2020-07-22T02:10:58","date_gmt":"2020-07-22T02:10:58","guid":{"rendered":"https:\/\/plugin.thebitfactory.net\/?page_id=3"},"modified":"2024-12-23T09:18:06","modified_gmt":"2024-12-23T09:18:06","slug":"politica-de-privacidad","status":"publish","type":"page","link":"https:\/\/fumless.com\/ca\/politica-de-privacidad\/","title":{"rendered":"Politica de privacitat"},"content":{"rendered":"<h1>Politica de privacitat<\/h1>\n<p><strong>1.Introducci\u00f3n<\/strong><\/p>\n<p>FUMLESS IDEAS, S.L est\u00e1 plenamente comprometida con el cumplimiento de la normativa y Reglamento General de Protecci\u00f3n de Datos de la Uni\u00f3n Europea y la normativa relativa a la protecci\u00f3n de datos de car\u00e1cter personal vigente en cada momento, siendo un objetivo prioritario para FUMLESS.<\/p>\n<p>El objetivo de esta pol\u00edtica es explicarle como FUMLESS tratar\u00e1 sus datos personales que puedan ser recabados a trav\u00e9s de los distintos formularios que a tal efecto pueden disponerse en la p\u00e1gina Web.<\/p>\n<p>Sus datos personales ser\u00e1n tratados por FUMLESS de forma confidencial y solo para aquellas finalidades que usted haya consentido, tal y como se explica a continuaci\u00f3n en la presente pol\u00edtica.<\/p>\n<p>&nbsp;<\/p>\n<ol start=\"2\">\n<li><strong> Finalidades de los tratamientos y bases de legitimaci\u00f3n<\/strong><\/li>\n<\/ol>\n<p>El responsable del tratamiento de sus datos personales es FUMLESS IDEAS, S.L. con NIF B67563692 y domicilio en Pedro i Pons, n\u00ba9-11, (08017) Barcelona.<\/p>\n<p>FUMLESS recaba sus datos personales para poder gestionar sus solicitudes y ofrecerle los servicios y productos en que usted pueda estar interesado. En concreto tratamos sus datos personales con las siguientes finalidades:<\/p>\n<ul>\n<li>Si el usuario contacta a trav\u00e9s de nuestros canales con FUMLESS, sus datos se tratar\u00e1n para dar respuesta a las dudas y consultas planteadas, de acuerdo con el inter\u00e9s leg\u00edtimo de las partes.<\/li>\n<li>Si el usuario ha consentido expresamente la recepci\u00f3n de comunicaciones informativas sobre determinados productos o servicios sus datos ser\u00e1n tratados para la gesti\u00f3n y el control del env\u00edo y de la recepci\u00f3n de dicha informaci\u00f3n, de acuerdo con su consentimiento.<\/li>\n<li>Cualquier otra finalidad ser\u00e1 comunicada al usuario antes de proceder al tratamiento de sus datos.<\/li>\n<\/ul>\n<p>Le informamos que en algunas ocasiones puede ser necesario el tratamiento de sus datos personales para dar cumplimiento a obligaciones legales, o en relaci\u00f3n con cualquier relaci\u00f3n contractual que podamos tener con usted.<\/p>\n<p>En los dem\u00e1s supuestos, y siempre que sea oportuno le solicitaremos su consentimiento para tratar sus datos personales.<\/p>\n<p>&nbsp;<\/p>\n<ol start=\"3\">\n<li><strong> Env\u00edo de comunicaciones comerciales.<\/strong><\/li>\n<\/ol>\n<p>En el supuesto que nos haya autorizado, a trav\u00e9s de la prestaci\u00f3n de su consentimiento, le enviaremos comunicaciones comerciales. FUMLESS entonces le enviar\u00e1 informaci\u00f3n sobre sus productos, actividades y servicios.<\/p>\n<p>Le informamos que en cualquier momento podr\u00e1 revocar su consentimiento a recibir comunicaciones comerciales en cada una de las comunicaciones, marcando el link \u201cbaja\u201d, o comunicando su voluntad de revocar el consentimiento en las siguientes direcciones:<\/p>\n<p>(i). Correo electr\u00f3nico que deber\u00e1 dirigir a la direcci\u00f3n: privacy@fumless.com<\/p>\n<p>(ii). Correo postal dirigido a Pedro i Pons, n\u00ba9-11, (08017) Barcelona.<\/p>\n<p>&nbsp;<\/p>\n<p><strong>4.Plazo de conservaci\u00f3n<\/strong><\/p>\n<p>Sus datos se conservar\u00e1n durante el plazo establecido en cada apartado de la web en el que se soliciten datos de car\u00e1cter personal, salvo que usted consienta que se conserven durante un plazo superior, sin perjuicio de conservaci\u00f3n y mantenimiento bajo el debido bloqueo para su puesta a disposici\u00f3n de las Autoridades con competencia en las distintas materias que sean de aplicaci\u00f3n.<\/p>\n<p>&nbsp;<\/p>\n<ol start=\"5\">\n<li><strong> Ejercicio de derechos y reclamaciones ante la AEPD<\/strong><\/li>\n<\/ol>\n<p>Como consecuencia del tratamiento de sus datos personales por parte de FUMLESS la legislaci\u00f3n vigente le otorga una serie de derechos.<\/p>\n<p>En concreto usted puede ejercer los siguientes derechos:<\/p>\n<ol>\n<li>Derecho de acceso: Ud. tendr\u00e1 derecho a conocer los datos personales que tratamos sobre Ud. de acuerdo con las finalidades que le hemos informado.<\/li>\n<\/ol>\n<ol>\n<li>Derecho de rectificaci\u00f3n: Ud. tendr\u00e1 derecho a poder rectificar cualquier dato que sea inexacto o incompleto.<\/li>\n<\/ol>\n<ol>\n<li>Derecho de supresi\u00f3n: Ud. podr\u00e1 solicitar que sus datos personales sean suprimidos de nuestros ficheros.<\/li>\n<\/ol>\n<ol>\n<li>Derecho de oposici\u00f3n: Ud. podr\u00e1 oponerse al tratamiento de sus datos en relaci\u00f3n a las acciones de marketing directo. As\u00ed como por motivos personales, salvo que la base del tratamiento sea el inter\u00e9s leg\u00edtimo.<\/li>\n<\/ol>\n<ol>\n<li>Derecho de limitaci\u00f3n del tratamiento: Ud. podr\u00e1 solicitar la limitaci\u00f3n del tratamiento en el caso de impugne su exactitud. Es decir, se limitar\u00e1 el tratamiento cuando sea il\u00edcito y Ud. se haya opuesto a la supresi\u00f3n de sus datos personales y solicita en su lugar la limitaci\u00f3n de su uso. Cuando los datos no sean necesarios para el tratamiento, pero si Ud. los necesita para la formulaci\u00f3n o ejercicio o defensa de reclamaciones.<\/li>\n<\/ol>\n<ol>\n<li>Derecho a la portabilidad de sus datos: Ud. tendr\u00e1 derecho a que siempre que sea posible t\u00e9cnicamente y que se encuentre amparado dentro de los supuestos establecidos en el caso de que el tratamiento est\u00e9 basado en el consentimiento, o en un contrato suscrito con el responsable, podr\u00e1 solicitar que sus datos personales sean comunicados a otro responsable del tratamiento.<\/li>\n<\/ol>\n<ol>\n<li>En cumplimiento de lo dispuesto en la Ley de Servicios de la Sociedad de la Informaci\u00f3n y Comercio Electr\u00f3nico (LSSI)I Ud. podr\u00e1 revocar en cualquier momento su consentimiento al env\u00edo de comunicaciones comerciales por medios electr\u00f3nicos.<\/li>\n<\/ol>\n<ol>\n<li>Revocar el consentimiento prestado para el tratamiento de sus datos personales.<\/li>\n<\/ol>\n<p>El ejercicio de los derechos que ostenta podr\u00e1 ejercerlos dirigi\u00e9ndose al Comit\u00e9 de Protecci\u00f3n de Datos (DPD) a trav\u00e9s de alguno de los siguientes medios, acompa\u00f1ando copia de su DNI o documento identificativo equivalente:<\/p>\n<p>(i). Correo electr\u00f3nico que deber\u00e1 dirigir a la direcci\u00f3n: privacy@fumless.com<\/p>\n<p>(ii). Correo postal dirigido a c\/ Pedro i Pons, n\u00ba9-11, (08017) Barcelona.<\/p>\n<p>Asimismo, en caso de que no quiera ejercer un derecho en concreto, pero tenga la necesidad de realizar una consulta o sugerencia en relaci\u00f3n con el tratamiento de sus datos de car\u00e1cter personal tambi\u00e9n podr\u00e1 dirigirse a las direcciones facilitadas para el ejercicio de los derechos.<\/p>\n<p>Por otro lado, FUMLESS le informa que usted tiene derecho a presentar una reclamaci\u00f3n ante la Agencia Espa\u00f1ola de Protecci\u00f3n de Datos (AEPD), autoridad competente en materia de protecci\u00f3n de datos.<\/p>\n<p>&nbsp;<\/p>\n<ol start=\"6\">\n<li><strong> Confidencialidad y Seguridad en el tratamiento de datos<\/strong><\/li>\n<\/ol>\n<p>La informaci\u00f3n recibida por FUMLESS a trav\u00e9s de la presente p\u00e1gina Web ser\u00e1 tratada con la m\u00e1xima reserva y confidencialidad.<\/p>\n<p>Asimismo, FUMLESS declara y garantiza que ha establecido todos los medios t\u00e9cnicos a su alcance para evitar la p\u00e9rdida, mal uso, alteraci\u00f3n, acceso no autorizado y robo de los datos facilitados por los usuarios, sin perjuicio de informar que las medidas de seguridad en Internet no son inexpugnables.<\/p>\n<p>&nbsp;<\/p>\n<ol start=\"7\">\n<li><strong> Redes sociales<\/strong><\/li>\n<\/ol>\n<p>Usted podr\u00e1 unirse a los Grupos que FUMLESS tiene en distintas redes sociales. El usuario que se haga fan de alguno de estos Grupos, acepta las condiciones de uso y pol\u00edtica de privacidad de la red social correspondiente.<\/p>\n<p>&nbsp;<\/p>\n<ol start=\"8\">\n<li><strong> Transferencias Internacionales<\/strong><\/li>\n<\/ol>\n<p>En algunas ocasiones, puede ser que los datos personales se traten fuera del Espacio Econ\u00f3mico Europeo (EEE). En estas situaciones FUMLESS garantiza que aplicar\u00e1 todas las medidas y controles para garantizar y proteger el tratamiento de sus datos personales.<\/p>\n<p>Las principales medidas que adopta FUMLESS cuando se realiza una transferencia internacional de datos personales son, la firma de cl\u00e1usulas contractuales tipo aprobadas por la Comisi\u00f3n Europea, normas corporativas, vinculantes y certificaciones o c\u00f3digos de conducta aprobados por la Comisi\u00f3n Europea.<\/p>\n<p>&nbsp;<\/p>\n<ol start=\"10\">\n<li><strong> Contacta con FUMLESS IDEAS, S.L.<\/strong><\/li>\n<\/ol>\n<p>Si tiene alguna consulta o duda sobre el tratamiento de sus datos personales por favor, p\u00f3ngase en contacto con nosotros a trav\u00e9s:<\/p>\n<p>(i). Correo electr\u00f3nico que deber\u00e1 dirigir a la direcci\u00f3n: privacy@fumless.com<\/p>\n<p>(ii). Formulario de contacto de la web<\/p>\n<p>(ii). Correo postal dirigido a c\/ Pedro i Pons, n\u00ba9-11, (08017) Barcelona.<\/p>","protected":false},"excerpt":{"rendered":"<p>Pol\u00edtica de privacidad 1.Introducci\u00f3n FUMLESS IDEAS, S.L est\u00e1 plenamente comprometida con el cumplimiento de la normativa y Reglamento General de Protecci\u00f3n de Datos de la Uni\u00f3n Europea y la normativa relativa a la protecci\u00f3n de datos de car\u00e1cter personal vigente en cada momento, siendo un objetivo prioritario para FUMLESS. El objetivo de esta pol\u00edtica es explicarle como FUMLESS tratar\u00e1 sus datos personales que puedan ser recabados a trav\u00e9s de los[&hellip;]<\/p>\n","protected":false},"author":1,"featured_media":0,"parent":0,"menu_order":0,"comment_status":"closed","ping_status":"closed","template":"","meta":{"_acf_changed":false,"inline_featured_image":false,"footnotes":""},"class_list":["post-3","page","type-page","status-publish","hentry"],"acf":[],"_links":{"self":[{"href":"https:\/\/fumless.com\/ca\/wp-json\/wp\/v2\/pages\/3","targetHints":{"allow":["GET"]}}],"collection":[{"href":"https:\/\/fumless.com\/ca\/wp-json\/wp\/v2\/pages"}],"about":[{"href":"https:\/\/fumless.com\/ca\/wp-json\/wp\/v2\/types\/page"}],"author":[{"embeddable":true,"href":"https:\/\/fumless.com\/ca\/wp-json\/wp\/v2\/users\/1"}],"replies":[{"embeddable":true,"href":"https:\/\/fumless.com\/ca\/wp-json\/wp\/v2\/comments?post=3"}],"version-history":[{"count":7,"href":"https:\/\/fumless.com\/ca\/wp-json\/wp\/v2\/pages\/3\/revisions"}],"predecessor-version":[{"id":12248,"href":"https:\/\/fumless.com\/ca\/wp-json\/wp\/v2\/pages\/3\/revisions\/12248"}],"wp:attachment":[{"href":"https:\/\/fumless.com\/ca\/wp-json\/wp\/v2\/media?parent=3"}],"curies":[{"name":"wp","href":"https:\/\/api.w.org\/{rel}","templated":true}]}}